{"id":603,"date":"2026-04-12T09:04:06","date_gmt":"2026-04-12T09:04:06","guid":{"rendered":"https:\/\/serverdimm.com\/genuine-micron-64gb-ddr4-2933-2rx4-b2b-memory\/"},"modified":"2026-04-14T07:26:46","modified_gmt":"2026-04-14T07:26:46","slug":"genuine-micron-64gb-ddr4-2933-2rx4-b2b-memory","status":"publish","type":"product","link":"https:\/\/serverdimm.com\/de\/genuine-micron-64gb-ddr4-2933-2rx4-b2b-memory\/","title":{"rendered":"Echter Micron 64GB DDR4 2933 2RX4 B2B Speicher"},"content":{"rendered":"<p>Original Micron 64GB DDR4-Server-RAM mit 2RX4-Konfiguration und PC4-2933Y-Geschwindigkeitsklasse. MPN: MTA36ASF8G72PZ-2G9B2UL.<\/p>\n<ul>\n<li><strong>Zustand:<\/strong> Original<\/li>\n<li><strong>Marke:<\/strong> Micron<\/li>\n<li><strong>Kapazit\u00e4t:<\/strong> 64GB<\/li>\n<li><strong>Speichererstellung:<\/strong> DDR4<\/li>\n<li><strong>Konfiguration:<\/strong> 2RX4<\/li>\n<li><strong>Geschwindigkeitsstufe:<\/strong> PC4-2933Y<\/li>\n<li><strong>MPN:<\/strong> MTA36ASF8G72PZ-2G9B2UL<\/li>\n<li><strong>Anwendung:<\/strong> Server \/ Unternehmen \/ Rechenzentrum<\/li>\n<li><strong>Versand:<\/strong> Kostenloser weltweiter Versand<\/li>\n<li><strong>R\u00fcckgabe:<\/strong> 7-t\u00e4giges R\u00fcckgaberecht; der K\u00e4ufer tr\u00e4gt die Kosten f\u00fcr die R\u00fccksendung<\/li>\n<\/ul>\n<p>Gro\u00dfer Lagerbestand f\u00fcr B2B-Beschaffung, Projekteinsatz und kompatibilit\u00e4tsbasierte Beschaffung. Kontaktieren Sie uns f\u00fcr Gro\u00dfmengenpreise, Bestandspr\u00fcfungen und Unterst\u00fctzung bei der Kompatibilit\u00e4t.<\/p>","protected":false},"excerpt":{"rendered":"<p>Original Micron 64GB DDR4 Server-RAM, 2RX4, PC4-2933Y, MPN MTA36ASF8G72PZ-2G9B2UL. Bulk-ready f\u00fcr B2B-Angebote und Kompatibilit\u00e4tspr\u00fcfungen.<\/p>","protected":false},"featured_media":973,"template":"","meta":{"_gspb_post_css":""},"product_brand":[37],"product_cat":[25,18,26,15],"product_tag":[112,119,181,176,180,44,115],"class_list":{"0":"post-603","1":"product","2":"type-product","3":"status-publish","4":"has-post-thumbnail","6":"product_brand-micron","7":"product_cat-cooperated-brands","8":"product_cat-ddr4-server-memory","9":"product_cat-micron","10":"product_cat-new-branded-memory","11":"product_tag-2rx4","12":"product_tag-64gb","13":"product_tag-bulk-memory-supply","14":"product_tag-ddr4-server-memory","15":"product_tag-genuine-memory","16":"product_tag-micron","17":"product_tag-pc4-2933y","19":"first","20":"instock","21":"shipping-taxable","22":"product-type-simple"},"_links":{"self":[{"href":"https:\/\/serverdimm.com\/de\/wp-json\/wp\/v2\/product\/603","targetHints":{"allow":["GET"]}}],"collection":[{"href":"https:\/\/serverdimm.com\/de\/wp-json\/wp\/v2\/product"}],"about":[{"href":"https:\/\/serverdimm.com\/de\/wp-json\/wp\/v2\/types\/product"}],"wp:featuredmedia":[{"embeddable":true,"href":"https:\/\/serverdimm.com\/de\/wp-json\/wp\/v2\/media\/973"}],"wp:attachment":[{"href":"https:\/\/serverdimm.com\/de\/wp-json\/wp\/v2\/media?parent=603"}],"wp:term":[{"taxonomy":"product_brand","embeddable":true,"href":"https:\/\/serverdimm.com\/de\/wp-json\/wp\/v2\/product_brand?post=603"},{"taxonomy":"product_cat","embeddable":true,"href":"https:\/\/serverdimm.com\/de\/wp-json\/wp\/v2\/product_cat?post=603"},{"taxonomy":"product_tag","embeddable":true,"href":"https:\/\/serverdimm.com\/de\/wp-json\/wp\/v2\/product_tag?post=603"}],"curies":[{"name":"wp","href":"https:\/\/api.w.org\/{rel}","templated":true}]}}