{"id":609,"date":"2026-04-12T09:04:07","date_gmt":"2026-04-12T09:04:07","guid":{"rendered":"https:\/\/serverdimm.com\/pre-owned-sk-hynix-16gb-ddr4-2666-1rx4-server-module\/"},"modified":"2026-04-14T06:01:20","modified_gmt":"2026-04-14T06:01:20","slug":"pre-owned-sk-hynix-16gb-ddr4-2666-1rx4-server-module","status":"publish","type":"product","link":"https:\/\/serverdimm.com\/de\/pre-owned-sk-hynix-16gb-ddr4-2666-1rx4-server-module\/","title":{"rendered":"Gebrauchtes SK Hynix 16GB DDR4 2666 1RX4 Server Modul"},"content":{"rendered":"<p>Gebrauchter SK Hynix 16GB DDR4 Server-RAM mit 1RX4 Konfiguration und PC4-2666V Geschwindigkeitsstufe. MPN: HMA82GR7CJR4N-VK.<\/p>\n<ul>\n<li><strong>Zustand:<\/strong> Second-Hand<\/li>\n<li><strong>Marke:<\/strong> SK Hynix<\/li>\n<li><strong>Kapazit\u00e4t:<\/strong> 16GB<\/li>\n<li><strong>Speichererstellung:<\/strong> DDR4<\/li>\n<li><strong>Konfiguration:<\/strong> 1RX4<\/li>\n<li><strong>Geschwindigkeitsstufe:<\/strong> PC4-2666V<\/li>\n<li><strong>MPN:<\/strong> HMA82GR7CJR4N-VK<\/li>\n<li><strong>Anwendung:<\/strong> Server \/ Unternehmen \/ Rechenzentrum<\/li>\n<li><strong>Versand:<\/strong> Kostenloser weltweiter Versand<\/li>\n<li><strong>R\u00fcckgabe:<\/strong> 7-t\u00e4giges R\u00fcckgaberecht; der K\u00e4ufer tr\u00e4gt die Kosten f\u00fcr die R\u00fccksendung<\/li>\n<\/ul>\n<p>Gro\u00dfer Lagerbestand f\u00fcr B2B-Beschaffung, Projekteinsatz und kompatibilit\u00e4tsbasierte Beschaffung. Kontaktieren Sie uns f\u00fcr Gro\u00dfmengenpreise, Bestandspr\u00fcfungen und Unterst\u00fctzung bei der Kompatibilit\u00e4t.<\/p>","protected":false},"excerpt":{"rendered":"<p>Gebrauchter SK Hynix 16GB DDR4 Server-RAM, 1RX4, PC4-2666V, MPN HMA82GR7CJR4N-VK. Bulk-ready f\u00fcr B2B-Angebote und Kompatibilit\u00e4tspr\u00fcfungen.<\/p>","protected":false},"featured_media":942,"template":"","meta":{"_gspb_post_css":""},"product_brand":[39],"product_cat":[25,21,28,19],"product_tag":[114,127,176,121,186,40,182],"class_list":{"0":"post-609","1":"product","2":"type-product","3":"status-publish","4":"has-post-thumbnail","6":"product_brand-sk-hynix","7":"product_cat-cooperated-brands","8":"product_cat-ddr4-server-memory-used-branded-memory","9":"product_cat-sk-hynix","10":"product_cat-used-branded-memory","11":"product_tag-16gb","12":"product_tag-1rx4","13":"product_tag-ddr4-server-memory","14":"product_tag-pc4-2666v","15":"product_tag-pre-owned-memory","16":"product_tag-sk-hynix","17":"product_tag-wholesale-server-ram","19":"first","20":"instock","21":"shipping-taxable","22":"product-type-simple"},"_links":{"self":[{"href":"https:\/\/serverdimm.com\/de\/wp-json\/wp\/v2\/product\/609","targetHints":{"allow":["GET"]}}],"collection":[{"href":"https:\/\/serverdimm.com\/de\/wp-json\/wp\/v2\/product"}],"about":[{"href":"https:\/\/serverdimm.com\/de\/wp-json\/wp\/v2\/types\/product"}],"wp:featuredmedia":[{"embeddable":true,"href":"https:\/\/serverdimm.com\/de\/wp-json\/wp\/v2\/media\/942"}],"wp:attachment":[{"href":"https:\/\/serverdimm.com\/de\/wp-json\/wp\/v2\/media?parent=609"}],"wp:term":[{"taxonomy":"product_brand","embeddable":true,"href":"https:\/\/serverdimm.com\/de\/wp-json\/wp\/v2\/product_brand?post=609"},{"taxonomy":"product_cat","embeddable":true,"href":"https:\/\/serverdimm.com\/de\/wp-json\/wp\/v2\/product_cat?post=609"},{"taxonomy":"product_tag","embeddable":true,"href":"https:\/\/serverdimm.com\/de\/wp-json\/wp\/v2\/product_tag?post=609"}],"curies":[{"name":"wp","href":"https:\/\/api.w.org\/{rel}","templated":true}]}}