{"id":618,"date":"2026-04-12T09:04:07","date_gmt":"2026-04-12T09:04:07","guid":{"rendered":"https:\/\/serverdimm.com\/original-intel-i5-7500-sr335-oem-cpu\/"},"modified":"2026-04-14T06:20:00","modified_gmt":"2026-04-14T06:20:00","slug":"original-intel-i5-7500-sr335-oem-cpu","status":"publish","type":"product","link":"https:\/\/serverdimm.com\/de\/original-intel-i5-7500-sr335-oem-cpu\/","title":{"rendered":"Original Intel i5-7500 SR335 OEM CPU"},"content":{"rendered":"<p>Original Intel i5-7500 Server-Prozessor mit S-Spec SR335.<\/p>\n<ul>\n<li><strong>Zustand:<\/strong> Original<\/li>\n<li><strong>Marke:<\/strong> Intel<\/li>\n<li><strong>Prozessorfamilie:<\/strong> Intel I5<\/li>\n<li><strong>CPU-Modell:<\/strong> i5-7500<\/li>\n<li><strong>S-Spec \/ MPN:<\/strong> SR335<\/li>\n<li><strong>Anwendung:<\/strong> Server \/ Arbeitsplatzrechner \/ Unternehmen<\/li>\n<li><strong>Versand:<\/strong> Kostenloser weltweiter Versand<\/li>\n<li><strong>R\u00fcckgabe:<\/strong> 7-t\u00e4giges R\u00fcckgaberecht; der K\u00e4ufer tr\u00e4gt die Kosten f\u00fcr die R\u00fccksendung<\/li>\n<\/ul>\n<p>Gro\u00dfer Lagerbestand f\u00fcr B2B-Beschaffung, Bereitstellung und kompatibilit\u00e4tsbasierte Beschaffung. Kontaktieren Sie uns f\u00fcr Gro\u00dfmengenpreise, Bestandspr\u00fcfungen und Kompatibilit\u00e4tsunterst\u00fctzung.<\/p>","protected":false},"excerpt":{"rendered":"<p>Original Intel i5-7500 Prozessor, S-Spec SR335. Bulk-ready f\u00fcr B2B-Angebote und Kompatibilit\u00e4tspr\u00fcfungen.<\/p>","protected":false},"featured_media":950,"template":"","meta":{"_gspb_post_css":""},"product_brand":[53],"product_cat":[34,32],"product_tag":[133,51,54,187,188,132,134],"class_list":{"0":"post-618","1":"product","2":"type-product","3":"status-publish","4":"has-post-thumbnail","6":"product_brand-intel","7":"product_cat-intel-i5","8":"product_cat-server-processors","9":"product_tag-i5-7500","10":"product_tag-intel","11":"product_tag-intel-i5","12":"product_tag-original-cpu","13":"product_tag-server-cpu-stock","14":"product_tag-server-processors","15":"product_tag-sr335","17":"first","18":"instock","19":"shipping-taxable","20":"product-type-simple"},"_links":{"self":[{"href":"https:\/\/serverdimm.com\/de\/wp-json\/wp\/v2\/product\/618","targetHints":{"allow":["GET"]}}],"collection":[{"href":"https:\/\/serverdimm.com\/de\/wp-json\/wp\/v2\/product"}],"about":[{"href":"https:\/\/serverdimm.com\/de\/wp-json\/wp\/v2\/types\/product"}],"wp:featuredmedia":[{"embeddable":true,"href":"https:\/\/serverdimm.com\/de\/wp-json\/wp\/v2\/media\/950"}],"wp:attachment":[{"href":"https:\/\/serverdimm.com\/de\/wp-json\/wp\/v2\/media?parent=618"}],"wp:term":[{"taxonomy":"product_brand","embeddable":true,"href":"https:\/\/serverdimm.com\/de\/wp-json\/wp\/v2\/product_brand?post=618"},{"taxonomy":"product_cat","embeddable":true,"href":"https:\/\/serverdimm.com\/de\/wp-json\/wp\/v2\/product_cat?post=618"},{"taxonomy":"product_tag","embeddable":true,"href":"https:\/\/serverdimm.com\/de\/wp-json\/wp\/v2\/product_tag?post=618"}],"curies":[{"name":"wp","href":"https:\/\/api.w.org\/{rel}","templated":true}]}}