{"id":651,"date":"2026-04-12T09:04:11","date_gmt":"2026-04-12T09:04:11","guid":{"rendered":"https:\/\/serverdimm.com\/new-intel-i7-10700-srh6y-b2b-cpu\/"},"modified":"2026-04-13T11:55:07","modified_gmt":"2026-04-13T11:55:07","slug":"new-intel-i7-10700-srh6y-b2b-cpu","status":"publish","type":"product","link":"https:\/\/serverdimm.com\/de\/new-intel-i7-10700-srh6y-b2b-cpu\/","title":{"rendered":"Neue Intel i7-10700 SRH6Y B2B CPU"},"content":{"rendered":"<p>Original Intel i7-10700 Server-Prozessor mit S-Spec SRH6Y.<\/p>\n<ul>\n<li><strong>Zustand:<\/strong> Original<\/li>\n<li><strong>Marke:<\/strong> Intel<\/li>\n<li><strong>Prozessorfamilie:<\/strong> Intel I7<\/li>\n<li><strong>CPU-Modell:<\/strong> i7-10700<\/li>\n<li><strong>S-Spec \/ MPN:<\/strong> SRH6Y<\/li>\n<li><strong>Anwendung:<\/strong> Server \/ Arbeitsplatzrechner \/ Unternehmen<\/li>\n<li><strong>Versand:<\/strong> Kostenloser weltweiter Versand<\/li>\n<li><strong>R\u00fcckgabe:<\/strong> 7-t\u00e4giges R\u00fcckgaberecht; der K\u00e4ufer tr\u00e4gt die Kosten f\u00fcr die R\u00fccksendung<\/li>\n<\/ul>\n<p>Gro\u00dfer Lagerbestand f\u00fcr B2B-Beschaffung, Bereitstellung und kompatibilit\u00e4tsbasierte Beschaffung. Kontaktieren Sie uns f\u00fcr Gro\u00dfmengenpreise, Bestandspr\u00fcfungen und Kompatibilit\u00e4tsunterst\u00fctzung.<\/p>","protected":false},"excerpt":{"rendered":"<p>Original Intel i7-10700 Prozessor, S-Spec SRH6Y. Bulk-ready f\u00fcr B2B-Angebote und Kompatibilit\u00e4tspr\u00fcfungen.<\/p>","protected":false},"featured_media":901,"template":"","meta":{"_gspb_post_css":""},"product_brand":[53],"product_cat":[35,32],"product_tag":[190,144,51,52,191,132,145],"class_list":{"0":"post-651","1":"product","2":"type-product","3":"status-publish","4":"has-post-thumbnail","6":"product_brand-intel","7":"product_cat-intel-i7","8":"product_cat-server-processors","9":"product_tag-b2b-cpu-supplier","10":"product_tag-i7-10700","11":"product_tag-intel","12":"product_tag-intel-i7","13":"product_tag-new-server-cpu","14":"product_tag-server-processors","15":"product_tag-srh6y","17":"first","18":"instock","19":"shipping-taxable","20":"product-type-simple"},"_links":{"self":[{"href":"https:\/\/serverdimm.com\/de\/wp-json\/wp\/v2\/product\/651","targetHints":{"allow":["GET"]}}],"collection":[{"href":"https:\/\/serverdimm.com\/de\/wp-json\/wp\/v2\/product"}],"about":[{"href":"https:\/\/serverdimm.com\/de\/wp-json\/wp\/v2\/types\/product"}],"wp:featuredmedia":[{"embeddable":true,"href":"https:\/\/serverdimm.com\/de\/wp-json\/wp\/v2\/media\/901"}],"wp:attachment":[{"href":"https:\/\/serverdimm.com\/de\/wp-json\/wp\/v2\/media?parent=651"}],"wp:term":[{"taxonomy":"product_brand","embeddable":true,"href":"https:\/\/serverdimm.com\/de\/wp-json\/wp\/v2\/product_brand?post=651"},{"taxonomy":"product_cat","embeddable":true,"href":"https:\/\/serverdimm.com\/de\/wp-json\/wp\/v2\/product_cat?post=651"},{"taxonomy":"product_tag","embeddable":true,"href":"https:\/\/serverdimm.com\/de\/wp-json\/wp\/v2\/product_tag?post=651"}],"curies":[{"name":"wp","href":"https:\/\/api.w.org\/{rel}","templated":true}]}}