{"id":668,"date":"2026-04-12T09:04:13","date_gmt":"2026-04-12T09:04:13","guid":{"rendered":"https:\/\/serverdimm.com\/original-intel-i7-4770-sr149-oem-cpu\/"},"modified":"2026-04-13T11:05:38","modified_gmt":"2026-04-13T11:05:38","slug":"original-intel-i7-4770-sr149-oem-cpu","status":"publish","type":"product","link":"https:\/\/serverdimm.com\/de\/original-intel-i7-4770-sr149-oem-cpu\/","title":{"rendered":"Original Intel i7-4770 SR149 OEM CPU"},"content":{"rendered":"<p>Original Intel i7-4770 Server-Prozessor mit S-Spec SR149.<\/p>\n<ul>\n<li><strong>Zustand:<\/strong> Original<\/li>\n<li><strong>Marke:<\/strong> Intel<\/li>\n<li><strong>Prozessorfamilie:<\/strong> Intel I7<\/li>\n<li><strong>CPU-Modell:<\/strong> i7-4770<\/li>\n<li><strong>S-Spec \/ MPN:<\/strong> SR149<\/li>\n<li><strong>Anwendung:<\/strong> Server \/ Arbeitsplatzrechner \/ Unternehmen<\/li>\n<li><strong>Versand:<\/strong> Kostenloser weltweiter Versand<\/li>\n<li><strong>R\u00fcckgabe:<\/strong> 7-t\u00e4giges R\u00fcckgaberecht; der K\u00e4ufer tr\u00e4gt die Kosten f\u00fcr die R\u00fccksendung<\/li>\n<\/ul>\n<p>Gro\u00dfer Lagerbestand f\u00fcr B2B-Beschaffung, Bereitstellung und kompatibilit\u00e4tsbasierte Beschaffung. Kontaktieren Sie uns f\u00fcr Gro\u00dfmengenpreise, Bestandspr\u00fcfungen und Kompatibilit\u00e4tsunterst\u00fctzung.<\/p>","protected":false},"excerpt":{"rendered":"<p>Original Intel i7-4770 Prozessor, S-Spec SR149. Bulk-ready f\u00fcr B2B-Angebote und Kompatibilit\u00e4tspr\u00fcfungen.<\/p>","protected":false},"featured_media":871,"template":"","meta":{"_gspb_post_css":""},"product_brand":[53],"product_cat":[35,32],"product_tag":[190,150,51,52,187,132,151],"class_list":{"0":"post-668","1":"product","2":"type-product","3":"status-publish","4":"has-post-thumbnail","6":"product_brand-intel","7":"product_cat-intel-i7","8":"product_cat-server-processors","9":"product_tag-b2b-cpu-supplier","10":"product_tag-i7-4770","11":"product_tag-intel","12":"product_tag-intel-i7","13":"product_tag-original-cpu","14":"product_tag-server-processors","15":"product_tag-sr149","17":"first","18":"instock","19":"shipping-taxable","20":"product-type-simple"},"_links":{"self":[{"href":"https:\/\/serverdimm.com\/de\/wp-json\/wp\/v2\/product\/668","targetHints":{"allow":["GET"]}}],"collection":[{"href":"https:\/\/serverdimm.com\/de\/wp-json\/wp\/v2\/product"}],"about":[{"href":"https:\/\/serverdimm.com\/de\/wp-json\/wp\/v2\/types\/product"}],"wp:featuredmedia":[{"embeddable":true,"href":"https:\/\/serverdimm.com\/de\/wp-json\/wp\/v2\/media\/871"}],"wp:attachment":[{"href":"https:\/\/serverdimm.com\/de\/wp-json\/wp\/v2\/media?parent=668"}],"wp:term":[{"taxonomy":"product_brand","embeddable":true,"href":"https:\/\/serverdimm.com\/de\/wp-json\/wp\/v2\/product_brand?post=668"},{"taxonomy":"product_cat","embeddable":true,"href":"https:\/\/serverdimm.com\/de\/wp-json\/wp\/v2\/product_cat?post=668"},{"taxonomy":"product_tag","embeddable":true,"href":"https:\/\/serverdimm.com\/de\/wp-json\/wp\/v2\/product_tag?post=668"}],"curies":[{"name":"wp","href":"https:\/\/api.w.org\/{rel}","templated":true}]}}