{"id":678,"date":"2026-04-12T09:04:14","date_gmt":"2026-04-12T09:04:14","guid":{"rendered":"https:\/\/serverdimm.com\/original-micron-32gb-ddr4-3200-1rx4-server-ram\/"},"modified":"2026-04-13T09:55:47","modified_gmt":"2026-04-13T09:55:47","slug":"original-micron-32gb-ddr4-3200-1rx4-server-ram","status":"publish","type":"product","link":"https:\/\/serverdimm.com\/de\/original-micron-32gb-ddr4-3200-1rx4-server-ram\/","title":{"rendered":"Original Micron 32GB DDR4 3200 1RX4 Server-RAM"},"content":{"rendered":"<p>Original Micron 32GB DDR4-Server-RAM mit 1RX4-Konfiguration und PC4-3200AA-Geschwindigkeitsklasse. MPN: MTA18ASF4G72PZ-3G2E1UL.<\/p>\n<ul>\n<li><strong>Zustand:<\/strong> Original<\/li>\n<li><strong>Marke:<\/strong> Micron<\/li>\n<li><strong>Kapazit\u00e4t:<\/strong> 32GB<\/li>\n<li><strong>Speichererstellung:<\/strong> DDR4<\/li>\n<li><strong>Konfiguration:<\/strong> 1RX4<\/li>\n<li><strong>Geschwindigkeitsstufe:<\/strong> PC4-3200AA<\/li>\n<li><strong>MPN:<\/strong> MTA18ASF4G72PZ-3G2E1UL<\/li>\n<li><strong>Anwendung:<\/strong> Server \/ Unternehmen \/ Rechenzentrum<\/li>\n<li><strong>Versand:<\/strong> Kostenloser weltweiter Versand<\/li>\n<li><strong>R\u00fcckgabe:<\/strong> 7-t\u00e4giges R\u00fcckgaberecht; der K\u00e4ufer tr\u00e4gt die Kosten f\u00fcr die R\u00fccksendung<\/li>\n<\/ul>\n<p>Gro\u00dfer Lagerbestand f\u00fcr B2B-Beschaffung, Projekteinsatz und kompatibilit\u00e4tsbasierte Beschaffung. Kontaktieren Sie uns f\u00fcr Gro\u00dfmengenpreise, Bestandspr\u00fcfungen und Unterst\u00fctzung bei der Kompatibilit\u00e4t.<\/p>","protected":false},"excerpt":{"rendered":"<p>Original Micron 32GB DDR4 Server-RAM, 1RX4, PC4-3200AA, MPN MTA18ASF4G72PZ-3G2E1UL. Bulk-ready f\u00fcr B2B-Angebote und Kompatibilit\u00e4tspr\u00fcfungen.<\/p>","protected":false},"featured_media":850,"template":"","meta":{"_gspb_post_css":""},"product_brand":[37],"product_cat":[25,18,26,15],"product_tag":[127,110,176,44,113,126,184],"class_list":{"0":"post-678","1":"product","2":"type-product","3":"status-publish","4":"has-post-thumbnail","6":"product_brand-micron","7":"product_cat-cooperated-brands","8":"product_cat-ddr4-server-memory","9":"product_cat-micron","10":"product_cat-new-branded-memory","11":"product_tag-1rx4","12":"product_tag-32gb","13":"product_tag-ddr4-server-memory","14":"product_tag-micron","15":"product_tag-original-memory","16":"product_tag-pc4-3200aa","17":"product_tag-server-memory-supplier","19":"first","20":"instock","21":"shipping-taxable","22":"product-type-simple"},"_links":{"self":[{"href":"https:\/\/serverdimm.com\/de\/wp-json\/wp\/v2\/product\/678","targetHints":{"allow":["GET"]}}],"collection":[{"href":"https:\/\/serverdimm.com\/de\/wp-json\/wp\/v2\/product"}],"about":[{"href":"https:\/\/serverdimm.com\/de\/wp-json\/wp\/v2\/types\/product"}],"wp:featuredmedia":[{"embeddable":true,"href":"https:\/\/serverdimm.com\/de\/wp-json\/wp\/v2\/media\/850"}],"wp:attachment":[{"href":"https:\/\/serverdimm.com\/de\/wp-json\/wp\/v2\/media?parent=678"}],"wp:term":[{"taxonomy":"product_brand","embeddable":true,"href":"https:\/\/serverdimm.com\/de\/wp-json\/wp\/v2\/product_brand?post=678"},{"taxonomy":"product_cat","embeddable":true,"href":"https:\/\/serverdimm.com\/de\/wp-json\/wp\/v2\/product_cat?post=678"},{"taxonomy":"product_tag","embeddable":true,"href":"https:\/\/serverdimm.com\/de\/wp-json\/wp\/v2\/product_tag?post=678"}],"curies":[{"name":"wp","href":"https:\/\/api.w.org\/{rel}","templated":true}]}}