{"id":710,"date":"2026-04-12T09:04:17","date_gmt":"2026-04-12T09:04:17","guid":{"rendered":"https:\/\/serverdimm.com\/second-hand-samsung-64gb-ddr4-2933-4drx4-server-module\/"},"modified":"2026-04-13T08:33:34","modified_gmt":"2026-04-13T08:33:34","slug":"second-hand-samsung-64gb-ddr4-2933-4drx4-server-module","status":"publish","type":"product","link":"https:\/\/serverdimm.com\/de\/second-hand-samsung-64gb-ddr4-2933-4drx4-server-module\/","title":{"rendered":"Gebrauchtes Samsung 64GB DDR4 2933 4DRX4 Server-Modul"},"content":{"rendered":"<p>Gebrauchtes Samsung 64GB DDR4 Server-RAM mit 4DRX4-Konfiguration und PC4-2933Y-Geschwindigkeitsklasse. MPN: M386A8K40BM2-CVFC0.<\/p>\n<ul>\n<li><strong>Zustand:<\/strong> Second-Hand<\/li>\n<li><strong>Marke:<\/strong> Samsung<\/li>\n<li><strong>Kapazit\u00e4t:<\/strong> 64GB<\/li>\n<li><strong>Speichererstellung:<\/strong> DDR4<\/li>\n<li><strong>Konfiguration:<\/strong> 4DRX4<\/li>\n<li><strong>Geschwindigkeitsstufe:<\/strong> PC4-2933Y<\/li>\n<li><strong>MPN:<\/strong> M386A8K40BM2-CVFC0<\/li>\n<li><strong>Anwendung:<\/strong> Server \/ Unternehmen \/ Rechenzentrum<\/li>\n<li><strong>Versand:<\/strong> Kostenloser weltweiter Versand<\/li>\n<li><strong>R\u00fcckgabe:<\/strong> 7-t\u00e4giges R\u00fcckgaberecht; der K\u00e4ufer tr\u00e4gt die Kosten f\u00fcr die R\u00fccksendung<\/li>\n<\/ul>\n<p>Gro\u00dfer Lagerbestand f\u00fcr B2B-Beschaffung, Projekteinsatz und kompatibilit\u00e4tsbasierte Beschaffung. Kontaktieren Sie uns f\u00fcr Gro\u00dfmengenpreise, Bestandspr\u00fcfungen und Unterst\u00fctzung bei der Kompatibilit\u00e4t.<\/p>","protected":false},"excerpt":{"rendered":"<p>Gebrauchter Samsung 64GB DDR4 Server-RAM, 4DRX4, PC4-2933Y, MPN M386A8K40BM2-CVFC0. Bulk-ready f\u00fcr B2B-Angebote und Kompatibilit\u00e4tspr\u00fcfungen.<\/p>","protected":false},"featured_media":811,"template":"","meta":{"_gspb_post_css":""},"product_brand":[38],"product_cat":[25,21,27,19],"product_tag":[154,119,176,115,50,183,184],"class_list":{"0":"post-710","1":"product","2":"type-product","3":"status-publish","4":"has-post-thumbnail","6":"product_brand-samsung","7":"product_cat-cooperated-brands","8":"product_cat-ddr4-server-memory-used-branded-memory","9":"product_cat-samsung","10":"product_cat-used-branded-memory","11":"product_tag-4drx4","12":"product_tag-64gb","13":"product_tag-ddr4-server-memory","14":"product_tag-pc4-2933y","15":"product_tag-samsung","16":"product_tag-second-hand-memory","17":"product_tag-server-memory-supplier","19":"first","20":"instock","21":"shipping-taxable","22":"product-type-simple"},"_links":{"self":[{"href":"https:\/\/serverdimm.com\/de\/wp-json\/wp\/v2\/product\/710","targetHints":{"allow":["GET"]}}],"collection":[{"href":"https:\/\/serverdimm.com\/de\/wp-json\/wp\/v2\/product"}],"about":[{"href":"https:\/\/serverdimm.com\/de\/wp-json\/wp\/v2\/types\/product"}],"wp:featuredmedia":[{"embeddable":true,"href":"https:\/\/serverdimm.com\/de\/wp-json\/wp\/v2\/media\/811"}],"wp:attachment":[{"href":"https:\/\/serverdimm.com\/de\/wp-json\/wp\/v2\/media?parent=710"}],"wp:term":[{"taxonomy":"product_brand","embeddable":true,"href":"https:\/\/serverdimm.com\/de\/wp-json\/wp\/v2\/product_brand?post=710"},{"taxonomy":"product_cat","embeddable":true,"href":"https:\/\/serverdimm.com\/de\/wp-json\/wp\/v2\/product_cat?post=710"},{"taxonomy":"product_tag","embeddable":true,"href":"https:\/\/serverdimm.com\/de\/wp-json\/wp\/v2\/product_tag?post=710"}],"curies":[{"name":"wp","href":"https:\/\/api.w.org\/{rel}","templated":true}]}}