{"id":738,"date":"2026-04-12T09:04:21","date_gmt":"2026-04-12T09:04:21","guid":{"rendered":"https:\/\/serverdimm.com\/pre-owned-samsung-16gb-ddr4-2400-2rx4-memory-stock\/"},"modified":"2026-04-13T03:44:10","modified_gmt":"2026-04-13T03:44:10","slug":"pre-owned-samsung-16gb-ddr4-2400-2rx4-memory-stock","status":"publish","type":"product","link":"https:\/\/serverdimm.com\/de\/pre-owned-samsung-16gb-ddr4-2400-2rx4-memory-stock\/","title":{"rendered":"Gebrauchtes Samsung 16GB DDR4 2400 2RX4 Speicher Lager"},"content":{"rendered":"<p>Gebrauchter Samsung 16GB DDR4 Server-RAM mit 2RX4 Konfiguration und PC4-2400T Geschwindigkeitsstufe. MPN: M393A2G40EB1-CRC0Q.<\/p>\n<ul>\n<li><strong>Zustand:<\/strong> Second-Hand<\/li>\n<li><strong>Marke:<\/strong> Samsung<\/li>\n<li><strong>Kapazit\u00e4t:<\/strong> 16GB<\/li>\n<li><strong>Speichererstellung:<\/strong> DDR4<\/li>\n<li><strong>Konfiguration:<\/strong> 2RX4<\/li>\n<li><strong>Geschwindigkeitsstufe:<\/strong> PC4-2400T<\/li>\n<li><strong>MPN:<\/strong> M393A2G40EB1-CRC0Q<\/li>\n<li><strong>Anwendung:<\/strong> Server \/ Unternehmen \/ Rechenzentrum<\/li>\n<li><strong>Versand:<\/strong> Kostenloser weltweiter Versand<\/li>\n<li><strong>R\u00fcckgabe:<\/strong> 7-t\u00e4giges R\u00fcckgaberecht; der K\u00e4ufer tr\u00e4gt die Kosten f\u00fcr die R\u00fccksendung<\/li>\n<\/ul>\n<p>Gro\u00dfer Lagerbestand f\u00fcr B2B-Beschaffung, Projekteinsatz und kompatibilit\u00e4tsbasierte Beschaffung. Kontaktieren Sie uns f\u00fcr Gro\u00dfmengenpreise, Bestandspr\u00fcfungen und Unterst\u00fctzung bei der Kompatibilit\u00e4t.<\/p>","protected":false},"excerpt":{"rendered":"<p>Gebrauchter Samsung 16GB DDR4 Server-RAM, 2RX4, PC4-2400T, MPN M393A2G40EB1-CRC0Q. Bulk-ready f\u00fcr B2B-Angebote und Kompatibilit\u00e4tspr\u00fcfungen.<\/p>","protected":false},"featured_media":746,"template":"","meta":{"_gspb_post_css":""},"product_brand":[38],"product_cat":[25,21,27,19],"product_tag":[114,112,176,111,186,50,182],"class_list":{"0":"post-738","1":"product","2":"type-product","3":"status-publish","4":"has-post-thumbnail","6":"product_brand-samsung","7":"product_cat-cooperated-brands","8":"product_cat-ddr4-server-memory-used-branded-memory","9":"product_cat-samsung","10":"product_cat-used-branded-memory","11":"product_tag-16gb","12":"product_tag-2rx4","13":"product_tag-ddr4-server-memory","14":"product_tag-pc4-2400t","15":"product_tag-pre-owned-memory","16":"product_tag-samsung","17":"product_tag-wholesale-server-ram","19":"first","20":"instock","21":"shipping-taxable","22":"product-type-simple"},"_links":{"self":[{"href":"https:\/\/serverdimm.com\/de\/wp-json\/wp\/v2\/product\/738","targetHints":{"allow":["GET"]}}],"collection":[{"href":"https:\/\/serverdimm.com\/de\/wp-json\/wp\/v2\/product"}],"about":[{"href":"https:\/\/serverdimm.com\/de\/wp-json\/wp\/v2\/types\/product"}],"wp:featuredmedia":[{"embeddable":true,"href":"https:\/\/serverdimm.com\/de\/wp-json\/wp\/v2\/media\/746"}],"wp:attachment":[{"href":"https:\/\/serverdimm.com\/de\/wp-json\/wp\/v2\/media?parent=738"}],"wp:term":[{"taxonomy":"product_brand","embeddable":true,"href":"https:\/\/serverdimm.com\/de\/wp-json\/wp\/v2\/product_brand?post=738"},{"taxonomy":"product_cat","embeddable":true,"href":"https:\/\/serverdimm.com\/de\/wp-json\/wp\/v2\/product_cat?post=738"},{"taxonomy":"product_tag","embeddable":true,"href":"https:\/\/serverdimm.com\/de\/wp-json\/wp\/v2\/product_tag?post=738"}],"curies":[{"name":"wp","href":"https:\/\/api.w.org\/{rel}","templated":true}]}}