{"id":597,"date":"2026-04-12T09:04:05","date_gmt":"2026-04-12T09:04:05","guid":{"rendered":"https:\/\/serverdimm.com\/used-samsung-16gb-ddr4-2933-2rx8-wholesale-ram\/"},"modified":"2026-04-14T06:47:06","modified_gmt":"2026-04-14T06:47:06","slug":"used-samsung-16gb-ddr4-2933-2rx8-wholesale-ram","status":"publish","type":"product","link":"https:\/\/serverdimm.com\/es\/used-samsung-16gb-ddr4-2933-2rx8-wholesale-ram\/","title":{"rendered":"Samsung usado 16GB DDR4 2933 2RX8 RAM al por mayor"},"content":{"rendered":"<p>Memoria RAM de servidor Samsung DDR4 de 16 GB de segunda mano con configuraci\u00f3n 2RX8 y grado de velocidad PC4-2933Y. MPN: M393A2K43BB3-CVFGY.<\/p>\n<ul>\n<li><strong>Estado:<\/strong> Segunda mano<\/li>\n<li><strong>Marca:<\/strong> Samsung<\/li>\n<li><strong>Capacidad:<\/strong> 16 GB<\/li>\n<li><strong>Generaci\u00f3n de memoria:<\/strong> DDR4<\/li>\n<li><strong>Configuraci\u00f3n:<\/strong> 2RX8<\/li>\n<li><strong>Grado de velocidad:<\/strong> PC4-2933Y<\/li>\n<li><strong>MPN:<\/strong> M393A2K43BB3-CVFGY<\/li>\n<li><strong>Aplicaci\u00f3n:<\/strong> Servidor \/ Empresa \/ Centro de datos<\/li>\n<li><strong>Env\u00edo:<\/strong> Env\u00edo gratuito a todo el mundo<\/li>\n<li><strong>Devoluciones:<\/strong> Pol\u00edtica de devoluci\u00f3n de 7 d\u00edas; el comprador corre con los gastos de env\u00edo<\/li>\n<\/ul>\n<p>Stock a granel adecuado para la contrataci\u00f3n B2B, la implantaci\u00f3n de proyectos y la adquisici\u00f3n basada en la compatibilidad. P\u00f3ngase en contacto con nosotros para precios al por mayor, comprobaci\u00f3n de existencias y asistencia sobre compatibilidad.<\/p>","protected":false},"excerpt":{"rendered":"<p>Memoria RAM Samsung de 16 GB DDR4 de segunda mano para servidores, 2RX8, PC4-2933Y, MPN M393A2K43BB3-CVFGY. A granel para presupuestos B2B y comprobaciones de compatibilidad.<\/p>","protected":false},"featured_media":966,"template":"","meta":{"_gspb_post_css":""},"product_brand":[38],"product_cat":[25,21,27,19],"product_tag":[114,116,176,177,115,50,178],"class_list":{"0":"post-597","1":"product","2":"type-product","3":"status-publish","4":"has-post-thumbnail","6":"product_brand-samsung","7":"product_cat-cooperated-brands","8":"product_cat-ddr4-server-memory-used-branded-memory","9":"product_cat-samsung","10":"product_cat-used-branded-memory","11":"product_tag-16gb","12":"product_tag-2rx8","13":"product_tag-ddr4-server-memory","14":"product_tag-enterprise-memory-stock","15":"product_tag-pc4-2933y","16":"product_tag-samsung","17":"product_tag-used-server-memory","19":"first","20":"instock","21":"shipping-taxable","22":"product-type-simple"},"_links":{"self":[{"href":"https:\/\/serverdimm.com\/es\/wp-json\/wp\/v2\/product\/597","targetHints":{"allow":["GET"]}}],"collection":[{"href":"https:\/\/serverdimm.com\/es\/wp-json\/wp\/v2\/product"}],"about":[{"href":"https:\/\/serverdimm.com\/es\/wp-json\/wp\/v2\/types\/product"}],"wp:featuredmedia":[{"embeddable":true,"href":"https:\/\/serverdimm.com\/es\/wp-json\/wp\/v2\/media\/966"}],"wp:attachment":[{"href":"https:\/\/serverdimm.com\/es\/wp-json\/wp\/v2\/media?parent=597"}],"wp:term":[{"taxonomy":"product_brand","embeddable":true,"href":"https:\/\/serverdimm.com\/es\/wp-json\/wp\/v2\/product_brand?post=597"},{"taxonomy":"product_cat","embeddable":true,"href":"https:\/\/serverdimm.com\/es\/wp-json\/wp\/v2\/product_cat?post=597"},{"taxonomy":"product_tag","embeddable":true,"href":"https:\/\/serverdimm.com\/es\/wp-json\/wp\/v2\/product_tag?post=597"}],"curies":[{"name":"wp","href":"https:\/\/api.w.org\/{rel}","templated":true}]}}