{"id":619,"date":"2026-04-12T09:04:07","date_gmt":"2026-04-12T09:04:07","guid":{"rendered":"https:\/\/serverdimm.com\/used-sk-hynix-16gb-ddr4-2133-2rx4-wholesale-ram\/"},"modified":"2026-04-14T06:26:08","modified_gmt":"2026-04-14T06:26:08","slug":"used-sk-hynix-16gb-ddr4-2133-2rx4-wholesale-ram","status":"publish","type":"product","link":"https:\/\/serverdimm.com\/es\/used-sk-hynix-16gb-ddr4-2133-2rx4-wholesale-ram\/","title":{"rendered":"Memoria RAM usada SK Hynix 16GB DDR4 2133 2RX4 al por mayor"},"content":{"rendered":"<p>Memoria RAM de servidor SK Hynix DDR4 de 16 GB de segunda mano con configuraci\u00f3n 2RX4 y grado de velocidad PC4-2133P. MPN: HMA42GR7MFR4N-TF.<\/p>\n<ul>\n<li><strong>Estado:<\/strong> Segunda mano<\/li>\n<li><strong>Marca:<\/strong> SK Hynix<\/li>\n<li><strong>Capacidad:<\/strong> 16 GB<\/li>\n<li><strong>Generaci\u00f3n de memoria:<\/strong> DDR4<\/li>\n<li><strong>Configuraci\u00f3n:<\/strong> 2RX4<\/li>\n<li><strong>Grado de velocidad:<\/strong> PC4-2133P<\/li>\n<li><strong>MPN:<\/strong> HMA42GR7MFR4N-TF<\/li>\n<li><strong>Aplicaci\u00f3n:<\/strong> Servidor \/ Empresa \/ Centro de datos<\/li>\n<li><strong>Env\u00edo:<\/strong> Env\u00edo gratuito a todo el mundo<\/li>\n<li><strong>Devoluciones:<\/strong> Pol\u00edtica de devoluci\u00f3n de 7 d\u00edas; el comprador corre con los gastos de env\u00edo<\/li>\n<\/ul>\n<p>Stock a granel adecuado para la contrataci\u00f3n B2B, la implantaci\u00f3n de proyectos y la adquisici\u00f3n basada en la compatibilidad. P\u00f3ngase en contacto con nosotros para precios al por mayor, comprobaci\u00f3n de existencias y asistencia sobre compatibilidad.<\/p>","protected":false},"excerpt":{"rendered":"<p>Memoria RAM SK Hynix de 16 GB DDR4 de segunda mano para servidores, 2RX4, PC4-2133P, MPN HMA42GR7MFR4N-TF. A granel para presupuestos B2B y comprobaciones de compatibilidad.<\/p>","protected":false},"featured_media":951,"template":"","meta":{"_gspb_post_css":""},"product_brand":[39],"product_cat":[25,21,28,19],"product_tag":[114,112,181,176,123,40,178],"class_list":{"0":"post-619","1":"product","2":"type-product","3":"status-publish","4":"has-post-thumbnail","6":"product_brand-sk-hynix","7":"product_cat-cooperated-brands","8":"product_cat-ddr4-server-memory-used-branded-memory","9":"product_cat-sk-hynix","10":"product_cat-used-branded-memory","11":"product_tag-16gb","12":"product_tag-2rx4","13":"product_tag-bulk-memory-supply","14":"product_tag-ddr4-server-memory","15":"product_tag-pc4-2133p","16":"product_tag-sk-hynix","17":"product_tag-used-server-memory","19":"first","20":"instock","21":"shipping-taxable","22":"product-type-simple"},"_links":{"self":[{"href":"https:\/\/serverdimm.com\/es\/wp-json\/wp\/v2\/product\/619","targetHints":{"allow":["GET"]}}],"collection":[{"href":"https:\/\/serverdimm.com\/es\/wp-json\/wp\/v2\/product"}],"about":[{"href":"https:\/\/serverdimm.com\/es\/wp-json\/wp\/v2\/types\/product"}],"wp:featuredmedia":[{"embeddable":true,"href":"https:\/\/serverdimm.com\/es\/wp-json\/wp\/v2\/media\/951"}],"wp:attachment":[{"href":"https:\/\/serverdimm.com\/es\/wp-json\/wp\/v2\/media?parent=619"}],"wp:term":[{"taxonomy":"product_brand","embeddable":true,"href":"https:\/\/serverdimm.com\/es\/wp-json\/wp\/v2\/product_brand?post=619"},{"taxonomy":"product_cat","embeddable":true,"href":"https:\/\/serverdimm.com\/es\/wp-json\/wp\/v2\/product_cat?post=619"},{"taxonomy":"product_tag","embeddable":true,"href":"https:\/\/serverdimm.com\/es\/wp-json\/wp\/v2\/product_tag?post=619"}],"curies":[{"name":"wp","href":"https:\/\/api.w.org\/{rel}","templated":true}]}}