{"id":617,"date":"2026-04-12T09:04:07","date_gmt":"2026-04-12T09:04:07","guid":{"rendered":"https:\/\/serverdimm.com\/new-kingston-32gb-ddr4-2666-2rx4-bulk-ram\/"},"modified":"2026-04-14T06:19:07","modified_gmt":"2026-04-14T06:19:07","slug":"new-kingston-32gb-ddr4-2666-2rx4-bulk-ram","status":"publish","type":"product","link":"https:\/\/serverdimm.com\/fr\/new-kingston-32gb-ddr4-2666-2rx4-bulk-ram\/","title":{"rendered":"Nouveau Kingston 32GB DDR4 2666 2RX4 Bulk RAM"},"content":{"rendered":"<p>RAM serveur originale Kingston 32GB DDR4 avec configuration 2RX4 et grade de vitesse PC4-2666V. MPN : AM32D426R19D4MEX.<\/p>\n<ul>\n<li><strong>\u00c9tat :<\/strong> Original<\/li>\n<li><strong>Marque :<\/strong> Kingston<\/li>\n<li><strong>Capacit\u00e9 :<\/strong> 32GB<\/li>\n<li><strong>G\u00e9n\u00e9ration de m\u00e9moire :<\/strong> DDR4<\/li>\n<li><strong>Configuration :<\/strong> 2RX4<\/li>\n<li><strong>Vitesse de rotation :<\/strong> PC4-2666V<\/li>\n<li><strong>MPN :<\/strong> AM32D426R19D4MEX<\/li>\n<li><strong>Application :<\/strong> Serveur \/ Entreprise \/ Centre de donn\u00e9es<\/li>\n<li><strong>Exp\u00e9dition :<\/strong> Exp\u00e9dition gratuite dans le monde entier<\/li>\n<li><strong>Retours :<\/strong> Politique de retour sous 7 jours ; les frais de retour sont \u00e0 la charge de l'acheteur<\/li>\n<\/ul>\n<p>Stock pr\u00eat \u00e0 l'emploi pour le sourcing B2B, le d\u00e9ploiement de projets et l'approvisionnement bas\u00e9 sur la compatibilit\u00e9. Contactez-nous pour obtenir des prix de gros, des v\u00e9rifications de stock et une assistance en mati\u00e8re de compatibilit\u00e9.<\/p>","protected":false},"excerpt":{"rendered":"<p>Original Kingston 32GB DDR4 server RAM, 2RX4, PC4-2666V, MPN AM32D426R19D4MEX. Pr\u00eat en vrac pour les devis B2B et les v\u00e9rifications de compatibilit\u00e9.<\/p>","protected":false},"featured_media":949,"template":"","meta":{"_gspb_post_css":""},"product_brand":[36],"product_cat":[25,18,29,15],"product_tag":[112,110,176,177,46,185,121],"class_list":{"0":"post-617","1":"product","2":"type-product","3":"status-publish","4":"has-post-thumbnail","6":"product_brand-kingston","7":"product_cat-cooperated-brands","8":"product_cat-ddr4-server-memory","9":"product_cat-kingston","10":"product_cat-new-branded-memory","11":"product_tag-2rx4","12":"product_tag-32gb","13":"product_tag-ddr4-server-memory","14":"product_tag-enterprise-memory-stock","15":"product_tag-kingston","16":"product_tag-new-server-memory","17":"product_tag-pc4-2666v","19":"first","20":"instock","21":"shipping-taxable","22":"product-type-simple"},"_links":{"self":[{"href":"https:\/\/serverdimm.com\/fr\/wp-json\/wp\/v2\/product\/617","targetHints":{"allow":["GET"]}}],"collection":[{"href":"https:\/\/serverdimm.com\/fr\/wp-json\/wp\/v2\/product"}],"about":[{"href":"https:\/\/serverdimm.com\/fr\/wp-json\/wp\/v2\/types\/product"}],"wp:featuredmedia":[{"embeddable":true,"href":"https:\/\/serverdimm.com\/fr\/wp-json\/wp\/v2\/media\/949"}],"wp:attachment":[{"href":"https:\/\/serverdimm.com\/fr\/wp-json\/wp\/v2\/media?parent=617"}],"wp:term":[{"taxonomy":"product_brand","embeddable":true,"href":"https:\/\/serverdimm.com\/fr\/wp-json\/wp\/v2\/product_brand?post=617"},{"taxonomy":"product_cat","embeddable":true,"href":"https:\/\/serverdimm.com\/fr\/wp-json\/wp\/v2\/product_cat?post=617"},{"taxonomy":"product_tag","embeddable":true,"href":"https:\/\/serverdimm.com\/fr\/wp-json\/wp\/v2\/product_tag?post=617"}],"curies":[{"name":"wp","href":"https:\/\/api.w.org\/{rel}","templated":true}]}}