{"id":629,"date":"2026-04-12T09:04:09","date_gmt":"2026-04-12T09:04:09","guid":{"rendered":"https:\/\/serverdimm.com\/original-micron-64gb-ddr4-2933-2rx4-bulk-ram\/"},"modified":"2026-04-14T05:38:39","modified_gmt":"2026-04-14T05:38:39","slug":"original-micron-64gb-ddr4-2933-2rx4-bulk-ram","status":"publish","type":"product","link":"https:\/\/serverdimm.com\/fr\/original-micron-64gb-ddr4-2933-2rx4-bulk-ram\/","title":{"rendered":"Original Micron 64GB DDR4 2933 2RX4 Bulk RAM"},"content":{"rendered":"<p>Original Micron 64GB DDR4 server RAM avec configuration 2RX4 et grade de vitesse PC4-2933Y. MPN : MTA36ASF8G72PZ-2G9B2TI.<\/p>\n<ul>\n<li><strong>\u00c9tat :<\/strong> Original<\/li>\n<li><strong>Marque :<\/strong> Micron<\/li>\n<li><strong>Capacit\u00e9 :<\/strong> 64GB<\/li>\n<li><strong>G\u00e9n\u00e9ration de m\u00e9moire :<\/strong> DDR4<\/li>\n<li><strong>Configuration :<\/strong> 2RX4<\/li>\n<li><strong>Vitesse de rotation :<\/strong> PC4-2933Y<\/li>\n<li><strong>MPN :<\/strong> MTA36ASF8G72PZ-2G9B2TI<\/li>\n<li><strong>Application :<\/strong> Serveur \/ Entreprise \/ Centre de donn\u00e9es<\/li>\n<li><strong>Exp\u00e9dition :<\/strong> Exp\u00e9dition gratuite dans le monde entier<\/li>\n<li><strong>Retours :<\/strong> Politique de retour sous 7 jours ; les frais de retour sont \u00e0 la charge de l'acheteur<\/li>\n<\/ul>\n<p>Stock pr\u00eat \u00e0 l'emploi pour le sourcing B2B, le d\u00e9ploiement de projets et l'approvisionnement bas\u00e9 sur la compatibilit\u00e9. Contactez-nous pour obtenir des prix de gros, des v\u00e9rifications de stock et une assistance en mati\u00e8re de compatibilit\u00e9.<\/p>","protected":false},"excerpt":{"rendered":"<p>Original Micron 64GB DDR4 server RAM, 2RX4, PC4-2933Y, MPN MTA36ASF8G72PZ-2G9B2TI. Pr\u00eat en vrac pour les devis B2B et les v\u00e9rifications de compatibilit\u00e9.<\/p>","protected":false},"featured_media":924,"template":"","meta":{"_gspb_post_css":""},"product_brand":[37],"product_cat":[25,18,26,15],"product_tag":[112,119,181,176,44,113,115],"class_list":{"0":"post-629","1":"product","2":"type-product","3":"status-publish","4":"has-post-thumbnail","6":"product_brand-micron","7":"product_cat-cooperated-brands","8":"product_cat-ddr4-server-memory","9":"product_cat-micron","10":"product_cat-new-branded-memory","11":"product_tag-2rx4","12":"product_tag-64gb","13":"product_tag-bulk-memory-supply","14":"product_tag-ddr4-server-memory","15":"product_tag-micron","16":"product_tag-original-memory","17":"product_tag-pc4-2933y","19":"first","20":"instock","21":"shipping-taxable","22":"product-type-simple"},"_links":{"self":[{"href":"https:\/\/serverdimm.com\/fr\/wp-json\/wp\/v2\/product\/629","targetHints":{"allow":["GET"]}}],"collection":[{"href":"https:\/\/serverdimm.com\/fr\/wp-json\/wp\/v2\/product"}],"about":[{"href":"https:\/\/serverdimm.com\/fr\/wp-json\/wp\/v2\/types\/product"}],"wp:featuredmedia":[{"embeddable":true,"href":"https:\/\/serverdimm.com\/fr\/wp-json\/wp\/v2\/media\/924"}],"wp:attachment":[{"href":"https:\/\/serverdimm.com\/fr\/wp-json\/wp\/v2\/media?parent=629"}],"wp:term":[{"taxonomy":"product_brand","embeddable":true,"href":"https:\/\/serverdimm.com\/fr\/wp-json\/wp\/v2\/product_brand?post=629"},{"taxonomy":"product_cat","embeddable":true,"href":"https:\/\/serverdimm.com\/fr\/wp-json\/wp\/v2\/product_cat?post=629"},{"taxonomy":"product_tag","embeddable":true,"href":"https:\/\/serverdimm.com\/fr\/wp-json\/wp\/v2\/product_tag?post=629"}],"curies":[{"name":"wp","href":"https:\/\/api.w.org\/{rel}","templated":true}]}}