{"id":631,"date":"2026-04-12T09:04:09","date_gmt":"2026-04-12T09:04:09","guid":{"rendered":"https:\/\/serverdimm.com\/original-intel-i5-6400-sr2by-sr2l7-server-cpu\/"},"modified":"2026-04-14T05:42:22","modified_gmt":"2026-04-14T05:42:22","slug":"original-intel-i5-6400-sr2by-sr2l7-server-cpu","status":"publish","type":"product","link":"https:\/\/serverdimm.com\/fr\/original-intel-i5-6400-sr2by-sr2l7-server-cpu\/","title":{"rendered":"Original Intel i5-6400 SR2BY\/SR2L7 Server CPU"},"content":{"rendered":"<p>Processeur serveur Intel i5-6400 original avec S-Spec SR2BY\/SR2L7.<\/p>\n<ul>\n<li><strong>\u00c9tat :<\/strong> Original<\/li>\n<li><strong>Marque :<\/strong> Intel<\/li>\n<li><strong>Famille de processeurs :<\/strong> Intel I5<\/li>\n<li><strong>Mod\u00e8le de CPU :<\/strong> i5-6400<\/li>\n<li><strong>S-Spec \/ MPN :<\/strong> SR2BY\/SR2L7<\/li>\n<li><strong>Application :<\/strong> Serveur \/ Station de travail \/ Entreprise<\/li>\n<li><strong>Exp\u00e9dition :<\/strong> Exp\u00e9dition gratuite dans le monde entier<\/li>\n<li><strong>Retours :<\/strong> Politique de retour sous 7 jours ; les frais de retour sont \u00e0 la charge de l'acheteur<\/li>\n<\/ul>\n<p>Stock pr\u00eat \u00e0 l'emploi pour le sourcing B2B, le d\u00e9ploiement et l'approvisionnement bas\u00e9 sur la compatibilit\u00e9. Contactez-nous pour obtenir des prix de gros, des v\u00e9rifications de stock et une assistance en mati\u00e8re de compatibilit\u00e9.<\/p>","protected":false},"excerpt":{"rendered":"<p>Processeur original Intel i5-6400, S-Spec SR2BY\/SR2L7. Pr\u00eat en vrac pour les devis B2B et les v\u00e9rifications de compatibilit\u00e9.<\/p>","protected":false},"featured_media":929,"template":"","meta":{"_gspb_post_css":""},"product_brand":[53],"product_cat":[34,32],"product_tag":[190,137,51,54,187,132,138],"class_list":{"0":"post-631","1":"product","2":"type-product","3":"status-publish","4":"has-post-thumbnail","6":"product_brand-intel","7":"product_cat-intel-i5","8":"product_cat-server-processors","9":"product_tag-b2b-cpu-supplier","10":"product_tag-i5-6400","11":"product_tag-intel","12":"product_tag-intel-i5","13":"product_tag-original-cpu","14":"product_tag-server-processors","15":"product_tag-sr2by-sr2l7","17":"first","18":"instock","19":"shipping-taxable","20":"product-type-simple"},"_links":{"self":[{"href":"https:\/\/serverdimm.com\/fr\/wp-json\/wp\/v2\/product\/631","targetHints":{"allow":["GET"]}}],"collection":[{"href":"https:\/\/serverdimm.com\/fr\/wp-json\/wp\/v2\/product"}],"about":[{"href":"https:\/\/serverdimm.com\/fr\/wp-json\/wp\/v2\/types\/product"}],"wp:featuredmedia":[{"embeddable":true,"href":"https:\/\/serverdimm.com\/fr\/wp-json\/wp\/v2\/media\/929"}],"wp:attachment":[{"href":"https:\/\/serverdimm.com\/fr\/wp-json\/wp\/v2\/media?parent=631"}],"wp:term":[{"taxonomy":"product_brand","embeddable":true,"href":"https:\/\/serverdimm.com\/fr\/wp-json\/wp\/v2\/product_brand?post=631"},{"taxonomy":"product_cat","embeddable":true,"href":"https:\/\/serverdimm.com\/fr\/wp-json\/wp\/v2\/product_cat?post=631"},{"taxonomy":"product_tag","embeddable":true,"href":"https:\/\/serverdimm.com\/fr\/wp-json\/wp\/v2\/product_tag?post=631"}],"curies":[{"name":"wp","href":"https:\/\/api.w.org\/{rel}","templated":true}]}}