{"id":667,"date":"2026-04-12T09:04:13","date_gmt":"2026-04-12T09:04:13","guid":{"rendered":"https:\/\/serverdimm.com\/original-sk-hynix-4gb-ddr4-2133-1rx8-server-ram\/"},"modified":"2026-04-13T11:03:42","modified_gmt":"2026-04-13T11:03:42","slug":"original-sk-hynix-4gb-ddr4-2133-1rx8-server-ram","status":"publish","type":"product","link":"https:\/\/serverdimm.com\/fr\/original-sk-hynix-4gb-ddr4-2133-1rx8-server-ram\/","title":{"rendered":"Original SK Hynix 4GB DDR4 2133 1RX8 Server RAM"},"content":{"rendered":"<p>RAM serveur originale SK Hynix 4GB DDR4 avec configuration 1RX8 et grade de vitesse PC4-2133P. MPN : M393A5143DB0-CPB0Q.<\/p>\n<ul>\n<li><strong>\u00c9tat :<\/strong> Original<\/li>\n<li><strong>Marque :<\/strong> SK Hynix<\/li>\n<li><strong>Capacit\u00e9 :<\/strong> 4GB<\/li>\n<li><strong>G\u00e9n\u00e9ration de m\u00e9moire :<\/strong> DDR4<\/li>\n<li><strong>Configuration :<\/strong> 1RX8<\/li>\n<li><strong>Vitesse de rotation :<\/strong> PC4-2133P<\/li>\n<li><strong>MPN :<\/strong> M393A5143DB0-CPB0Q<\/li>\n<li><strong>Application :<\/strong> Serveur \/ Entreprise \/ Centre de donn\u00e9es<\/li>\n<li><strong>Exp\u00e9dition :<\/strong> Exp\u00e9dition gratuite dans le monde entier<\/li>\n<li><strong>Retours :<\/strong> Politique de retour sous 7 jours ; les frais de retour sont \u00e0 la charge de l'acheteur<\/li>\n<\/ul>\n<p>Stock pr\u00eat \u00e0 l'emploi pour le sourcing B2B, le d\u00e9ploiement de projets et l'approvisionnement bas\u00e9 sur la compatibilit\u00e9. Contactez-nous pour obtenir des prix de gros, des v\u00e9rifications de stock et une assistance en mati\u00e8re de compatibilit\u00e9.<\/p>","protected":false},"excerpt":{"rendered":"<p>Original SK Hynix 4GB DDR4 server RAM, 1RX8, PC4-2133P, MPN M393A5143DB0-CPB0Q. Pr\u00eat en vrac pour les devis B2B et les v\u00e9rifications de compatibilit\u00e9.<\/p>","protected":false},"featured_media":869,"template":"","meta":{"_gspb_post_css":""},"product_brand":[39],"product_cat":[25,18,15,28],"product_tag":[125,141,176,113,123,40,182],"class_list":{"0":"post-667","1":"product","2":"type-product","3":"status-publish","4":"has-post-thumbnail","6":"product_brand-sk-hynix","7":"product_cat-cooperated-brands","8":"product_cat-ddr4-server-memory","9":"product_cat-new-branded-memory","10":"product_cat-sk-hynix","11":"product_tag-1rx8","12":"product_tag-4gb","13":"product_tag-ddr4-server-memory","14":"product_tag-original-memory","15":"product_tag-pc4-2133p","16":"product_tag-sk-hynix","17":"product_tag-wholesale-server-ram","19":"first","20":"instock","21":"shipping-taxable","22":"product-type-simple"},"_links":{"self":[{"href":"https:\/\/serverdimm.com\/fr\/wp-json\/wp\/v2\/product\/667","targetHints":{"allow":["GET"]}}],"collection":[{"href":"https:\/\/serverdimm.com\/fr\/wp-json\/wp\/v2\/product"}],"about":[{"href":"https:\/\/serverdimm.com\/fr\/wp-json\/wp\/v2\/types\/product"}],"wp:featuredmedia":[{"embeddable":true,"href":"https:\/\/serverdimm.com\/fr\/wp-json\/wp\/v2\/media\/869"}],"wp:attachment":[{"href":"https:\/\/serverdimm.com\/fr\/wp-json\/wp\/v2\/media?parent=667"}],"wp:term":[{"taxonomy":"product_brand","embeddable":true,"href":"https:\/\/serverdimm.com\/fr\/wp-json\/wp\/v2\/product_brand?post=667"},{"taxonomy":"product_cat","embeddable":true,"href":"https:\/\/serverdimm.com\/fr\/wp-json\/wp\/v2\/product_cat?post=667"},{"taxonomy":"product_tag","embeddable":true,"href":"https:\/\/serverdimm.com\/fr\/wp-json\/wp\/v2\/product_tag?post=667"}],"curies":[{"name":"wp","href":"https:\/\/api.w.org\/{rel}","templated":true}]}}