{"id":683,"date":"2026-04-12T09:04:14","date_gmt":"2026-04-12T09:04:14","guid":{"rendered":"https:\/\/serverdimm.com\/genuine-intel-i7-7700t-sr339-wholesale-cpu\/"},"modified":"2026-04-13T10:49:53","modified_gmt":"2026-04-13T10:49:53","slug":"genuine-intel-i7-7700t-sr339-wholesale-cpu","status":"publish","type":"product","link":"https:\/\/serverdimm.com\/fr\/genuine-intel-i7-7700t-sr339-wholesale-cpu\/","title":{"rendered":"V\u00e9ritable Intel i7-7700T SR339 Wholesale CPU"},"content":{"rendered":"<p>Processeur serveur Intel i7-7700T original avec S-Spec SR339.<\/p>\n<ul>\n<li><strong>\u00c9tat :<\/strong> Original<\/li>\n<li><strong>Marque :<\/strong> Intel<\/li>\n<li><strong>Famille de processeurs :<\/strong> Intel I7<\/li>\n<li><strong>Mod\u00e8le de CPU :<\/strong> i7-7700T<\/li>\n<li><strong>S-Spec \/ MPN :<\/strong> SR339<\/li>\n<li><strong>Application :<\/strong> Serveur \/ Station de travail \/ Entreprise<\/li>\n<li><strong>Exp\u00e9dition :<\/strong> Exp\u00e9dition gratuite dans le monde entier<\/li>\n<li><strong>Retours :<\/strong> Politique de retour sous 7 jours ; les frais de retour sont \u00e0 la charge de l'acheteur<\/li>\n<\/ul>\n<p>Stock pr\u00eat \u00e0 l'emploi pour le sourcing B2B, le d\u00e9ploiement et l'approvisionnement bas\u00e9 sur la compatibilit\u00e9. Contactez-nous pour obtenir des prix de gros, des v\u00e9rifications de stock et une assistance en mati\u00e8re de compatibilit\u00e9.<\/p>","protected":false},"excerpt":{"rendered":"<p>Processeur original Intel i7-7700T, S-Spec SR339. Pr\u00eat en vrac pour les devis B2B et les v\u00e9rifications de compatibilit\u00e9.<\/p>","protected":false},"featured_media":859,"template":"","meta":{"_gspb_post_css":""},"product_brand":[53],"product_cat":[35,32],"product_tag":[189,155,51,52,188,132,156],"class_list":{"0":"post-683","1":"product","2":"type-product","3":"status-publish","4":"has-post-thumbnail","6":"product_brand-intel","7":"product_cat-intel-i7","8":"product_cat-server-processors","9":"product_tag-genuine-processor","10":"product_tag-i7-7700t","11":"product_tag-intel","12":"product_tag-intel-i7","13":"product_tag-server-cpu-stock","14":"product_tag-server-processors","15":"product_tag-sr339","17":"first","18":"instock","19":"shipping-taxable","20":"product-type-simple"},"_links":{"self":[{"href":"https:\/\/serverdimm.com\/fr\/wp-json\/wp\/v2\/product\/683","targetHints":{"allow":["GET"]}}],"collection":[{"href":"https:\/\/serverdimm.com\/fr\/wp-json\/wp\/v2\/product"}],"about":[{"href":"https:\/\/serverdimm.com\/fr\/wp-json\/wp\/v2\/types\/product"}],"wp:featuredmedia":[{"embeddable":true,"href":"https:\/\/serverdimm.com\/fr\/wp-json\/wp\/v2\/media\/859"}],"wp:attachment":[{"href":"https:\/\/serverdimm.com\/fr\/wp-json\/wp\/v2\/media?parent=683"}],"wp:term":[{"taxonomy":"product_brand","embeddable":true,"href":"https:\/\/serverdimm.com\/fr\/wp-json\/wp\/v2\/product_brand?post=683"},{"taxonomy":"product_cat","embeddable":true,"href":"https:\/\/serverdimm.com\/fr\/wp-json\/wp\/v2\/product_cat?post=683"},{"taxonomy":"product_tag","embeddable":true,"href":"https:\/\/serverdimm.com\/fr\/wp-json\/wp\/v2\/product_tag?post=683"}],"curies":[{"name":"wp","href":"https:\/\/api.w.org\/{rel}","templated":true}]}}