{"id":687,"date":"2026-04-12T09:04:15","date_gmt":"2026-04-12T09:04:15","guid":{"rendered":"https:\/\/serverdimm.com\/new-micron-16gb-ddr4-3200-2rx8-oem-ram\/"},"modified":"2026-04-13T09:29:09","modified_gmt":"2026-04-13T09:29:09","slug":"new-micron-16gb-ddr4-3200-2rx8-oem-ram","status":"publish","type":"product","link":"https:\/\/serverdimm.com\/fr\/new-micron-16gb-ddr4-3200-2rx8-oem-ram\/","title":{"rendered":"Nouvelle RAM Micron 16GB DDR4 3200 2RX8 OEM"},"content":{"rendered":"<p>Original Micron 16GB DDR4 server RAM avec configuration 2RX8 et PC4-3200AA speed grade. MPN : MTA18ASF2G72PDZ-3G2E1VI.<\/p>\n<ul>\n<li><strong>\u00c9tat :<\/strong> Original<\/li>\n<li><strong>Marque :<\/strong> Micron<\/li>\n<li><strong>Capacit\u00e9 :<\/strong> 16GB<\/li>\n<li><strong>G\u00e9n\u00e9ration de m\u00e9moire :<\/strong> DDR4<\/li>\n<li><strong>Configuration :<\/strong> 2RX8<\/li>\n<li><strong>Vitesse de rotation :<\/strong> PC4-3200AA<\/li>\n<li><strong>MPN :<\/strong> MTA18ASF2G72PDZ-3G2E1VI<\/li>\n<li><strong>Application :<\/strong> Serveur \/ Entreprise \/ Centre de donn\u00e9es<\/li>\n<li><strong>Exp\u00e9dition :<\/strong> Exp\u00e9dition gratuite dans le monde entier<\/li>\n<li><strong>Retours :<\/strong> Politique de retour sous 7 jours ; les frais de retour sont \u00e0 la charge de l'acheteur<\/li>\n<\/ul>\n<p>Stock pr\u00eat \u00e0 l'emploi pour le sourcing B2B, le d\u00e9ploiement de projets et l'approvisionnement bas\u00e9 sur la compatibilit\u00e9. Contactez-nous pour obtenir des prix de gros, des v\u00e9rifications de stock et une assistance en mati\u00e8re de compatibilit\u00e9.<\/p>","protected":false},"excerpt":{"rendered":"<p>Original Micron 16GB DDR4 server RAM, 2RX8, PC4-3200AA, MPN MTA18ASF2G72PDZ-3G2E1VI. Pr\u00eat en vrac pour les devis B2B et les v\u00e9rifications de compatibilit\u00e9.<\/p>","protected":false},"featured_media":836,"template":"","meta":{"_gspb_post_css":""},"product_brand":[37],"product_cat":[25,18,26,15],"product_tag":[114,116,176,44,185,126,184],"class_list":{"0":"post-687","1":"product","2":"type-product","3":"status-publish","4":"has-post-thumbnail","6":"product_brand-micron","7":"product_cat-cooperated-brands","8":"product_cat-ddr4-server-memory","9":"product_cat-micron","10":"product_cat-new-branded-memory","11":"product_tag-16gb","12":"product_tag-2rx8","13":"product_tag-ddr4-server-memory","14":"product_tag-micron","15":"product_tag-new-server-memory","16":"product_tag-pc4-3200aa","17":"product_tag-server-memory-supplier","19":"first","20":"instock","21":"shipping-taxable","22":"product-type-simple"},"_links":{"self":[{"href":"https:\/\/serverdimm.com\/fr\/wp-json\/wp\/v2\/product\/687","targetHints":{"allow":["GET"]}}],"collection":[{"href":"https:\/\/serverdimm.com\/fr\/wp-json\/wp\/v2\/product"}],"about":[{"href":"https:\/\/serverdimm.com\/fr\/wp-json\/wp\/v2\/types\/product"}],"wp:featuredmedia":[{"embeddable":true,"href":"https:\/\/serverdimm.com\/fr\/wp-json\/wp\/v2\/media\/836"}],"wp:attachment":[{"href":"https:\/\/serverdimm.com\/fr\/wp-json\/wp\/v2\/media?parent=687"}],"wp:term":[{"taxonomy":"product_brand","embeddable":true,"href":"https:\/\/serverdimm.com\/fr\/wp-json\/wp\/v2\/product_brand?post=687"},{"taxonomy":"product_cat","embeddable":true,"href":"https:\/\/serverdimm.com\/fr\/wp-json\/wp\/v2\/product_cat?post=687"},{"taxonomy":"product_tag","embeddable":true,"href":"https:\/\/serverdimm.com\/fr\/wp-json\/wp\/v2\/product_tag?post=687"}],"curies":[{"name":"wp","href":"https:\/\/api.w.org\/{rel}","templated":true}]}}