{"id":691,"date":"2026-04-12T09:04:16","date_gmt":"2026-04-12T09:04:16","guid":{"rendered":"https:\/\/serverdimm.com\/new-intel-i7-11700-srkns-server-cpu\/"},"modified":"2026-04-13T08:52:14","modified_gmt":"2026-04-13T08:52:14","slug":"new-intel-i7-11700-srkns-server-cpu","status":"publish","type":"product","link":"https:\/\/serverdimm.com\/fr\/new-intel-i7-11700-srkns-server-cpu\/","title":{"rendered":"Nouveau CPU serveur Intel i7-11700 SRKNS"},"content":{"rendered":"<p>Processeur serveur Intel i7-11700 original avec S-Spec SRKNS.<\/p>\n<ul>\n<li><strong>\u00c9tat :<\/strong> Original<\/li>\n<li><strong>Marque :<\/strong> Intel<\/li>\n<li><strong>Famille de processeurs :<\/strong> Intel I7<\/li>\n<li><strong>Mod\u00e8le de CPU :<\/strong> i7-11700<\/li>\n<li><strong>S-Spec \/ MPN :<\/strong> SRKNS<\/li>\n<li><strong>Application :<\/strong> Serveur \/ Station de travail \/ Entreprise<\/li>\n<li><strong>Exp\u00e9dition :<\/strong> Exp\u00e9dition gratuite dans le monde entier<\/li>\n<li><strong>Retours :<\/strong> Politique de retour sous 7 jours ; les frais de retour sont \u00e0 la charge de l'acheteur<\/li>\n<\/ul>\n<p>Stock pr\u00eat \u00e0 l'emploi pour le sourcing B2B, le d\u00e9ploiement et l'approvisionnement bas\u00e9 sur la compatibilit\u00e9. Contactez-nous pour obtenir des prix de gros, des v\u00e9rifications de stock et une assistance en mati\u00e8re de compatibilit\u00e9.<\/p>","protected":false},"excerpt":{"rendered":"<p>Processeur original Intel i7-11700, S-Spec SRKNS. Pr\u00eat en vrac pour les devis B2B et les v\u00e9rifications de compatibilit\u00e9.<\/p>","protected":false},"featured_media":818,"template":"","meta":{"_gspb_post_css":""},"product_brand":[53],"product_cat":[35,32],"product_tag":[193,161,51,52,191,132,162],"class_list":{"0":"post-691","1":"product","2":"type-product","3":"status-publish","4":"has-post-thumbnail","6":"product_brand-intel","7":"product_cat-intel-i7","8":"product_cat-server-processors","9":"product_tag-bulk-cpu-supply","10":"product_tag-i7-11700","11":"product_tag-intel","12":"product_tag-intel-i7","13":"product_tag-new-server-cpu","14":"product_tag-server-processors","15":"product_tag-srkns","17":"first","18":"instock","19":"shipping-taxable","20":"product-type-simple"},"_links":{"self":[{"href":"https:\/\/serverdimm.com\/fr\/wp-json\/wp\/v2\/product\/691","targetHints":{"allow":["GET"]}}],"collection":[{"href":"https:\/\/serverdimm.com\/fr\/wp-json\/wp\/v2\/product"}],"about":[{"href":"https:\/\/serverdimm.com\/fr\/wp-json\/wp\/v2\/types\/product"}],"wp:featuredmedia":[{"embeddable":true,"href":"https:\/\/serverdimm.com\/fr\/wp-json\/wp\/v2\/media\/818"}],"wp:attachment":[{"href":"https:\/\/serverdimm.com\/fr\/wp-json\/wp\/v2\/media?parent=691"}],"wp:term":[{"taxonomy":"product_brand","embeddable":true,"href":"https:\/\/serverdimm.com\/fr\/wp-json\/wp\/v2\/product_brand?post=691"},{"taxonomy":"product_cat","embeddable":true,"href":"https:\/\/serverdimm.com\/fr\/wp-json\/wp\/v2\/product_cat?post=691"},{"taxonomy":"product_tag","embeddable":true,"href":"https:\/\/serverdimm.com\/fr\/wp-json\/wp\/v2\/product_tag?post=691"}],"curies":[{"name":"wp","href":"https:\/\/api.w.org\/{rel}","templated":true}]}}