{"id":721,"date":"2026-04-12T09:04:19","date_gmt":"2026-04-12T09:04:19","guid":{"rendered":"https:\/\/serverdimm.com\/original-samsung-32gb-ddr4-3200-2rx4-wholesale-ram\/"},"modified":"2026-04-13T07:16:24","modified_gmt":"2026-04-13T07:16:24","slug":"original-samsung-32gb-ddr4-3200-2rx4-wholesale-ram","status":"publish","type":"product","link":"https:\/\/serverdimm.com\/fr\/original-samsung-32gb-ddr4-3200-2rx4-wholesale-ram\/","title":{"rendered":"Original Samsung 32GB DDR4 3200 2RX4 Wholesale RAM"},"content":{"rendered":"<p>Original Samsung 32GB DDR4 server RAM avec configuration 2RX4 et PC4-3200AA speed grade. MPN : M393A4K40DB3-CWEC0.<\/p>\n<ul>\n<li><strong>\u00c9tat :<\/strong> Original<\/li>\n<li><strong>Marque :<\/strong> Samsung<\/li>\n<li><strong>Capacit\u00e9 :<\/strong> 32GB<\/li>\n<li><strong>G\u00e9n\u00e9ration de m\u00e9moire :<\/strong> DDR4<\/li>\n<li><strong>Configuration :<\/strong> 2RX4<\/li>\n<li><strong>Vitesse de rotation :<\/strong> PC4-3200AA<\/li>\n<li><strong>MPN :<\/strong> M393A4K40DB3-CWEC0<\/li>\n<li><strong>Application :<\/strong> Serveur \/ Entreprise \/ Centre de donn\u00e9es<\/li>\n<li><strong>Exp\u00e9dition :<\/strong> Exp\u00e9dition gratuite dans le monde entier<\/li>\n<li><strong>Retours :<\/strong> Politique de retour sous 7 jours ; les frais de retour sont \u00e0 la charge de l'acheteur<\/li>\n<\/ul>\n<p>Stock pr\u00eat \u00e0 l'emploi pour le sourcing B2B, le d\u00e9ploiement de projets et l'approvisionnement bas\u00e9 sur la compatibilit\u00e9. Contactez-nous pour obtenir des prix de gros, des v\u00e9rifications de stock et une assistance en mati\u00e8re de compatibilit\u00e9.<\/p>","protected":false},"excerpt":{"rendered":"<p>Original Samsung 32GB DDR4 server RAM, 2RX4, PC4-3200AA, MPN M393A4K40DB3-CWEC0. Pr\u00eat en vrac pour les devis B2B et les v\u00e9rifications de compatibilit\u00e9.<\/p>","protected":false},"featured_media":780,"template":"","meta":{"_gspb_post_css":""},"product_brand":[38],"product_cat":[25,18,15,27],"product_tag":[112,110,176,113,126,50,182],"class_list":{"0":"post-721","1":"product","2":"type-product","3":"status-publish","4":"has-post-thumbnail","6":"product_brand-samsung","7":"product_cat-cooperated-brands","8":"product_cat-ddr4-server-memory","9":"product_cat-new-branded-memory","10":"product_cat-samsung","11":"product_tag-2rx4","12":"product_tag-32gb","13":"product_tag-ddr4-server-memory","14":"product_tag-original-memory","15":"product_tag-pc4-3200aa","16":"product_tag-samsung","17":"product_tag-wholesale-server-ram","19":"first","20":"instock","21":"shipping-taxable","22":"product-type-simple"},"_links":{"self":[{"href":"https:\/\/serverdimm.com\/fr\/wp-json\/wp\/v2\/product\/721","targetHints":{"allow":["GET"]}}],"collection":[{"href":"https:\/\/serverdimm.com\/fr\/wp-json\/wp\/v2\/product"}],"about":[{"href":"https:\/\/serverdimm.com\/fr\/wp-json\/wp\/v2\/types\/product"}],"wp:featuredmedia":[{"embeddable":true,"href":"https:\/\/serverdimm.com\/fr\/wp-json\/wp\/v2\/media\/780"}],"wp:attachment":[{"href":"https:\/\/serverdimm.com\/fr\/wp-json\/wp\/v2\/media?parent=721"}],"wp:term":[{"taxonomy":"product_brand","embeddable":true,"href":"https:\/\/serverdimm.com\/fr\/wp-json\/wp\/v2\/product_brand?post=721"},{"taxonomy":"product_cat","embeddable":true,"href":"https:\/\/serverdimm.com\/fr\/wp-json\/wp\/v2\/product_cat?post=721"},{"taxonomy":"product_tag","embeddable":true,"href":"https:\/\/serverdimm.com\/fr\/wp-json\/wp\/v2\/product_tag?post=721"}],"curies":[{"name":"wp","href":"https:\/\/api.w.org\/{rel}","templated":true}]}}