{"id":726,"date":"2026-04-12T09:04:19","date_gmt":"2026-04-12T09:04:19","guid":{"rendered":"https:\/\/serverdimm.com\/original-intel-i7-6700-sr2bt-sr2l2-server-cpu\/"},"modified":"2026-04-13T07:37:21","modified_gmt":"2026-04-13T07:37:21","slug":"original-intel-i7-6700-sr2bt-sr2l2-server-cpu","status":"publish","type":"product","link":"https:\/\/serverdimm.com\/fr\/original-intel-i7-6700-sr2bt-sr2l2-server-cpu\/","title":{"rendered":"Original Intel i7-6700 SR2BT\/SR2L2 Server CPU"},"content":{"rendered":"<p>Processeur serveur Intel i7-6700 original avec S-Spec SR2BT\/SR2L2.<\/p>\n<ul>\n<li><strong>\u00c9tat :<\/strong> Original<\/li>\n<li><strong>Marque :<\/strong> Intel<\/li>\n<li><strong>Famille de processeurs :<\/strong> Intel I7<\/li>\n<li><strong>Mod\u00e8le de CPU :<\/strong> i7-6700<\/li>\n<li><strong>S-Spec \/ MPN :<\/strong> SR2BT\/SR2L2<\/li>\n<li><strong>Application :<\/strong> Serveur \/ Station de travail \/ Entreprise<\/li>\n<li><strong>Exp\u00e9dition :<\/strong> Exp\u00e9dition gratuite dans le monde entier<\/li>\n<li><strong>Retours :<\/strong> Politique de retour sous 7 jours ; les frais de retour sont \u00e0 la charge de l'acheteur<\/li>\n<\/ul>\n<p>Stock pr\u00eat \u00e0 l'emploi pour le sourcing B2B, le d\u00e9ploiement et l'approvisionnement bas\u00e9 sur la compatibilit\u00e9. Contactez-nous pour obtenir des prix de gros, des v\u00e9rifications de stock et une assistance en mati\u00e8re de compatibilit\u00e9.<\/p>","protected":false},"excerpt":{"rendered":"<p>Processeur original Intel i7-6700, S-Spec SR2BT\/SR2L2. Pr\u00eat en vrac pour les devis B2B et les v\u00e9rifications de compatibilit\u00e9.<\/p>","protected":false},"featured_media":790,"template":"","meta":{"_gspb_post_css":""},"product_brand":[53],"product_cat":[35,32],"product_tag":[168,51,52,187,188,132,169],"class_list":{"0":"post-726","1":"product","2":"type-product","3":"status-publish","4":"has-post-thumbnail","6":"product_brand-intel","7":"product_cat-intel-i7","8":"product_cat-server-processors","9":"product_tag-i7-6700","10":"product_tag-intel","11":"product_tag-intel-i7","12":"product_tag-original-cpu","13":"product_tag-server-cpu-stock","14":"product_tag-server-processors","15":"product_tag-sr2bt-sr2l2","17":"first","18":"instock","19":"shipping-taxable","20":"product-type-simple"},"_links":{"self":[{"href":"https:\/\/serverdimm.com\/fr\/wp-json\/wp\/v2\/product\/726","targetHints":{"allow":["GET"]}}],"collection":[{"href":"https:\/\/serverdimm.com\/fr\/wp-json\/wp\/v2\/product"}],"about":[{"href":"https:\/\/serverdimm.com\/fr\/wp-json\/wp\/v2\/types\/product"}],"wp:featuredmedia":[{"embeddable":true,"href":"https:\/\/serverdimm.com\/fr\/wp-json\/wp\/v2\/media\/790"}],"wp:attachment":[{"href":"https:\/\/serverdimm.com\/fr\/wp-json\/wp\/v2\/media?parent=726"}],"wp:term":[{"taxonomy":"product_brand","embeddable":true,"href":"https:\/\/serverdimm.com\/fr\/wp-json\/wp\/v2\/product_brand?post=726"},{"taxonomy":"product_cat","embeddable":true,"href":"https:\/\/serverdimm.com\/fr\/wp-json\/wp\/v2\/product_cat?post=726"},{"taxonomy":"product_tag","embeddable":true,"href":"https:\/\/serverdimm.com\/fr\/wp-json\/wp\/v2\/product_tag?post=726"}],"curies":[{"name":"wp","href":"https:\/\/api.w.org\/{rel}","templated":true}]}}