{"id":639,"date":"2026-04-12T09:04:10","date_gmt":"2026-04-12T09:04:10","guid":{"rendered":"https:\/\/serverdimm.com\/new-intel-i7-3930k-sr0h9-sr0ky-wholesale-cpu\/"},"modified":"2026-04-13T12:12:30","modified_gmt":"2026-04-13T12:12:30","slug":"new-intel-i7-3930k-sr0h9-sr0ky-wholesale-cpu","status":"publish","type":"product","link":"https:\/\/serverdimm.com\/pt\/new-intel-i7-3930k-sr0h9-sr0ky-wholesale-cpu\/","title":{"rendered":"Nova CPU Intel i7-3930K SR0H9\/SR0KY por atacado"},"content":{"rendered":"<p>Processador de servidor Intel i7-3930K original com S-Spec SR0H9\/SR0KY.<\/p>\n<ul>\n<li><strong>Estado:<\/strong> Original<\/li>\n<li><strong>Marca:<\/strong> Intel<\/li>\n<li><strong>Fam\u00edlia de processadores:<\/strong> Intel I7<\/li>\n<li><strong>Modelo de CPU:<\/strong> i7-3930K<\/li>\n<li><strong>S-Spec \/ MPN:<\/strong> SR0H9\/SR0KY<\/li>\n<li><strong>Aplica\u00e7\u00e3o:<\/strong> Servidor \/ Esta\u00e7\u00e3o de trabalho \/ Empresa<\/li>\n<li><strong>Envio:<\/strong> Envio gratuito para todo o mundo<\/li>\n<li><strong>Devolu\u00e7\u00f5es:<\/strong> Pol\u00edtica de devolu\u00e7\u00e3o de 7 dias; o comprador paga o transporte da devolu\u00e7\u00e3o<\/li>\n<\/ul>\n<p>Stock pronto para venda a granel, adequado para aquisi\u00e7\u00e3o B2B, implementa\u00e7\u00e3o e aquisi\u00e7\u00e3o baseada na compatibilidade. Contacte-nos para obter pre\u00e7os a granel, verifica\u00e7\u00f5es de stock e apoio \u00e0 compatibilidade.<\/p>","protected":false},"excerpt":{"rendered":"<p>Processador Intel i7-3930K original, S-Spec SR0H9\/SR0KY. Pronto para cota\u00e7\u00f5es B2B e verifica\u00e7\u00f5es de compatibilidade.<\/p>","protected":false},"featured_media":911,"template":"","meta":{"_gspb_post_css":""},"product_brand":[53],"product_cat":[35,32],"product_tag":[139,51,52,191,132,140,192],"class_list":{"0":"post-639","1":"product","2":"type-product","3":"status-publish","4":"has-post-thumbnail","6":"product_brand-intel","7":"product_cat-intel-i7","8":"product_cat-server-processors","9":"product_tag-i7-3930k","10":"product_tag-intel","11":"product_tag-intel-i7","12":"product_tag-new-server-cpu","13":"product_tag-server-processors","14":"product_tag-sr0h9-sr0ky","15":"product_tag-wholesale-processors","17":"first","18":"instock","19":"shipping-taxable","20":"product-type-simple"},"_links":{"self":[{"href":"https:\/\/serverdimm.com\/pt\/wp-json\/wp\/v2\/product\/639","targetHints":{"allow":["GET"]}}],"collection":[{"href":"https:\/\/serverdimm.com\/pt\/wp-json\/wp\/v2\/product"}],"about":[{"href":"https:\/\/serverdimm.com\/pt\/wp-json\/wp\/v2\/types\/product"}],"wp:featuredmedia":[{"embeddable":true,"href":"https:\/\/serverdimm.com\/pt\/wp-json\/wp\/v2\/media\/911"}],"wp:attachment":[{"href":"https:\/\/serverdimm.com\/pt\/wp-json\/wp\/v2\/media?parent=639"}],"wp:term":[{"taxonomy":"product_brand","embeddable":true,"href":"https:\/\/serverdimm.com\/pt\/wp-json\/wp\/v2\/product_brand?post=639"},{"taxonomy":"product_cat","embeddable":true,"href":"https:\/\/serverdimm.com\/pt\/wp-json\/wp\/v2\/product_cat?post=639"},{"taxonomy":"product_tag","embeddable":true,"href":"https:\/\/serverdimm.com\/pt\/wp-json\/wp\/v2\/product_tag?post=639"}],"curies":[{"name":"wp","href":"https:\/\/api.w.org\/{rel}","templated":true}]}}