{"id":668,"date":"2026-04-12T09:04:13","date_gmt":"2026-04-12T09:04:13","guid":{"rendered":"https:\/\/serverdimm.com\/original-intel-i7-4770-sr149-oem-cpu\/"},"modified":"2026-04-13T11:05:38","modified_gmt":"2026-04-13T11:05:38","slug":"original-intel-i7-4770-sr149-oem-cpu","status":"publish","type":"product","link":"https:\/\/serverdimm.com\/pt\/original-intel-i7-4770-sr149-oem-cpu\/","title":{"rendered":"CPU original Intel i7-4770 SR149 OEM"},"content":{"rendered":"<p>Processador de servidor Intel i7-4770 original com S-Spec SR149.<\/p>\n<ul>\n<li><strong>Estado:<\/strong> Original<\/li>\n<li><strong>Marca:<\/strong> Intel<\/li>\n<li><strong>Fam\u00edlia de processadores:<\/strong> Intel I7<\/li>\n<li><strong>Modelo de CPU:<\/strong> i7-4770<\/li>\n<li><strong>S-Spec \/ MPN:<\/strong> SR149<\/li>\n<li><strong>Aplica\u00e7\u00e3o:<\/strong> Servidor \/ Esta\u00e7\u00e3o de trabalho \/ Empresa<\/li>\n<li><strong>Envio:<\/strong> Envio gratuito para todo o mundo<\/li>\n<li><strong>Devolu\u00e7\u00f5es:<\/strong> Pol\u00edtica de devolu\u00e7\u00e3o de 7 dias; o comprador paga o transporte da devolu\u00e7\u00e3o<\/li>\n<\/ul>\n<p>Stock pronto para venda a granel, adequado para aquisi\u00e7\u00e3o B2B, implementa\u00e7\u00e3o e aquisi\u00e7\u00e3o baseada na compatibilidade. Contacte-nos para obter pre\u00e7os a granel, verifica\u00e7\u00f5es de stock e apoio \u00e0 compatibilidade.<\/p>","protected":false},"excerpt":{"rendered":"<p>Processador Intel i7-4770 original, S-Spec SR149. Pronto para cota\u00e7\u00f5es B2B e verifica\u00e7\u00f5es de compatibilidade.<\/p>","protected":false},"featured_media":871,"template":"","meta":{"_gspb_post_css":""},"product_brand":[53],"product_cat":[35,32],"product_tag":[190,150,51,52,187,132,151],"class_list":{"0":"post-668","1":"product","2":"type-product","3":"status-publish","4":"has-post-thumbnail","6":"product_brand-intel","7":"product_cat-intel-i7","8":"product_cat-server-processors","9":"product_tag-b2b-cpu-supplier","10":"product_tag-i7-4770","11":"product_tag-intel","12":"product_tag-intel-i7","13":"product_tag-original-cpu","14":"product_tag-server-processors","15":"product_tag-sr149","17":"first","18":"instock","19":"shipping-taxable","20":"product-type-simple"},"_links":{"self":[{"href":"https:\/\/serverdimm.com\/pt\/wp-json\/wp\/v2\/product\/668","targetHints":{"allow":["GET"]}}],"collection":[{"href":"https:\/\/serverdimm.com\/pt\/wp-json\/wp\/v2\/product"}],"about":[{"href":"https:\/\/serverdimm.com\/pt\/wp-json\/wp\/v2\/types\/product"}],"wp:featuredmedia":[{"embeddable":true,"href":"https:\/\/serverdimm.com\/pt\/wp-json\/wp\/v2\/media\/871"}],"wp:attachment":[{"href":"https:\/\/serverdimm.com\/pt\/wp-json\/wp\/v2\/media?parent=668"}],"wp:term":[{"taxonomy":"product_brand","embeddable":true,"href":"https:\/\/serverdimm.com\/pt\/wp-json\/wp\/v2\/product_brand?post=668"},{"taxonomy":"product_cat","embeddable":true,"href":"https:\/\/serverdimm.com\/pt\/wp-json\/wp\/v2\/product_cat?post=668"},{"taxonomy":"product_tag","embeddable":true,"href":"https:\/\/serverdimm.com\/pt\/wp-json\/wp\/v2\/product_tag?post=668"}],"curies":[{"name":"wp","href":"https:\/\/api.w.org\/{rel}","templated":true}]}}