{"id":674,"date":"2026-04-12T09:04:14","date_gmt":"2026-04-12T09:04:14","guid":{"rendered":"https:\/\/serverdimm.com\/genuine-micron-64gb-ddr4-2666-4drx4-oem-ram\/"},"modified":"2026-04-13T09:36:24","modified_gmt":"2026-04-13T09:36:24","slug":"genuine-micron-64gb-ddr4-2666-4drx4-oem-ram","status":"publish","type":"product","link":"https:\/\/serverdimm.com\/pt\/genuine-micron-64gb-ddr4-2666-4drx4-oem-ram\/","title":{"rendered":"RAM Micron 64GB DDR4 2666 4DRX4 OEM genu\u00edna"},"content":{"rendered":"<p>RAM de servidor Micron 64GB DDR4 original com configura\u00e7\u00e3o 4DRX4 e grau de velocidade PC4-2666V. MPN: MTA72ASS8G72LZ-2G6B2SG.<\/p>\n<ul>\n<li><strong>Estado:<\/strong> Original<\/li>\n<li><strong>Marca:<\/strong> Micron<\/li>\n<li><strong>Capacidade:<\/strong> 64 GB<\/li>\n<li><strong>Gera\u00e7\u00e3o de mem\u00f3ria:<\/strong> DDR4<\/li>\n<li><strong>Configura\u00e7\u00e3o:<\/strong> 4DRX4<\/li>\n<li><strong>Grau de velocidade:<\/strong> PC4-2666V<\/li>\n<li><strong>MPN:<\/strong> MTA72ASS8G72LZ-2G6B2SG<\/li>\n<li><strong>Aplica\u00e7\u00e3o:<\/strong> Servidor \/ Empresa \/ Centro de dados<\/li>\n<li><strong>Envio:<\/strong> Envio gratuito para todo o mundo<\/li>\n<li><strong>Devolu\u00e7\u00f5es:<\/strong> Pol\u00edtica de devolu\u00e7\u00e3o de 7 dias; o comprador paga o transporte da devolu\u00e7\u00e3o<\/li>\n<\/ul>\n<p>Stock pronto para venda a granel, adequado para o aprovisionamento B2B, implementa\u00e7\u00e3o de projectos e aquisi\u00e7\u00f5es baseadas na compatibilidade. Contacte-nos para obter pre\u00e7os a granel, verifica\u00e7\u00f5es de stock e apoio \u00e0 compatibilidade.<\/p>","protected":false},"excerpt":{"rendered":"<p>RAM de servidor Micron 64GB DDR4 original, 4DRX4, PC4-2666V, MPN MTA72ASS8G72LZ-2G6B2SG. Pronto para cota\u00e7\u00f5es B2B e verifica\u00e7\u00f5es de compatibilidade.<\/p>","protected":false},"featured_media":842,"template":"","meta":{"_gspb_post_css":""},"product_brand":[37],"product_cat":[25,18,26,15],"product_tag":[154,119,176,180,44,121,182],"class_list":{"0":"post-674","1":"product","2":"type-product","3":"status-publish","4":"has-post-thumbnail","6":"product_brand-micron","7":"product_cat-cooperated-brands","8":"product_cat-ddr4-server-memory","9":"product_cat-micron","10":"product_cat-new-branded-memory","11":"product_tag-4drx4","12":"product_tag-64gb","13":"product_tag-ddr4-server-memory","14":"product_tag-genuine-memory","15":"product_tag-micron","16":"product_tag-pc4-2666v","17":"product_tag-wholesale-server-ram","19":"first","20":"instock","21":"shipping-taxable","22":"product-type-simple"},"_links":{"self":[{"href":"https:\/\/serverdimm.com\/pt\/wp-json\/wp\/v2\/product\/674","targetHints":{"allow":["GET"]}}],"collection":[{"href":"https:\/\/serverdimm.com\/pt\/wp-json\/wp\/v2\/product"}],"about":[{"href":"https:\/\/serverdimm.com\/pt\/wp-json\/wp\/v2\/types\/product"}],"wp:featuredmedia":[{"embeddable":true,"href":"https:\/\/serverdimm.com\/pt\/wp-json\/wp\/v2\/media\/842"}],"wp:attachment":[{"href":"https:\/\/serverdimm.com\/pt\/wp-json\/wp\/v2\/media?parent=674"}],"wp:term":[{"taxonomy":"product_brand","embeddable":true,"href":"https:\/\/serverdimm.com\/pt\/wp-json\/wp\/v2\/product_brand?post=674"},{"taxonomy":"product_cat","embeddable":true,"href":"https:\/\/serverdimm.com\/pt\/wp-json\/wp\/v2\/product_cat?post=674"},{"taxonomy":"product_tag","embeddable":true,"href":"https:\/\/serverdimm.com\/pt\/wp-json\/wp\/v2\/product_tag?post=674"}],"curies":[{"name":"wp","href":"https:\/\/api.w.org\/{rel}","templated":true}]}}