{"id":731,"date":"2026-04-12T09:04:20","date_gmt":"2026-04-12T09:04:20","guid":{"rendered":"https:\/\/serverdimm.com\/genuine-intel-i5-10500-srh3a-bulk-cpu\/"},"modified":"2026-04-13T06:08:13","modified_gmt":"2026-04-13T06:08:13","slug":"genuine-intel-i5-10500-srh3a-bulk-cpu","status":"publish","type":"product","link":"https:\/\/serverdimm.com\/pt\/genuine-intel-i5-10500-srh3a-bulk-cpu\/","title":{"rendered":"CPU genu\u00edna Intel i5-10500 SRH3A a granel"},"content":{"rendered":"<p>Processador de servidor Intel i5-10500 original com S-Spec SRH3A.<\/p>\n<ul>\n<li><strong>Estado:<\/strong> Original<\/li>\n<li><strong>Marca:<\/strong> Intel<\/li>\n<li><strong>Fam\u00edlia de processadores:<\/strong> Intel I5<\/li>\n<li><strong>Modelo de CPU:<\/strong> i5-10500<\/li>\n<li><strong>S-Spec \/ MPN:<\/strong> SRH3A<\/li>\n<li><strong>Aplica\u00e7\u00e3o:<\/strong> Servidor \/ Esta\u00e7\u00e3o de trabalho \/ Empresa<\/li>\n<li><strong>Envio:<\/strong> Envio gratuito para todo o mundo<\/li>\n<li><strong>Devolu\u00e7\u00f5es:<\/strong> Pol\u00edtica de devolu\u00e7\u00e3o de 7 dias; o comprador paga o transporte da devolu\u00e7\u00e3o<\/li>\n<\/ul>\n<p>Stock pronto para venda a granel, adequado para aquisi\u00e7\u00e3o B2B, implementa\u00e7\u00e3o e aquisi\u00e7\u00e3o baseada na compatibilidade. Contacte-nos para obter pre\u00e7os a granel, verifica\u00e7\u00f5es de stock e apoio \u00e0 compatibilidade.<\/p>","protected":false},"excerpt":{"rendered":"<p>Processador Intel i5-10500 original, S-Spec SRH3A. Pronto para cota\u00e7\u00f5es B2B e verifica\u00e7\u00f5es de compatibilidade.<\/p>","protected":false},"featured_media":758,"template":"","meta":{"_gspb_post_css":""},"product_brand":[53],"product_cat":[34,32],"product_tag":[189,170,51,54,132,171,192],"class_list":{"0":"post-731","1":"product","2":"type-product","3":"status-publish","4":"has-post-thumbnail","6":"product_brand-intel","7":"product_cat-intel-i5","8":"product_cat-server-processors","9":"product_tag-genuine-processor","10":"product_tag-i5-10500","11":"product_tag-intel","12":"product_tag-intel-i5","13":"product_tag-server-processors","14":"product_tag-srh3a","15":"product_tag-wholesale-processors","17":"first","18":"instock","19":"shipping-taxable","20":"product-type-simple"},"_links":{"self":[{"href":"https:\/\/serverdimm.com\/pt\/wp-json\/wp\/v2\/product\/731","targetHints":{"allow":["GET"]}}],"collection":[{"href":"https:\/\/serverdimm.com\/pt\/wp-json\/wp\/v2\/product"}],"about":[{"href":"https:\/\/serverdimm.com\/pt\/wp-json\/wp\/v2\/types\/product"}],"wp:featuredmedia":[{"embeddable":true,"href":"https:\/\/serverdimm.com\/pt\/wp-json\/wp\/v2\/media\/758"}],"wp:attachment":[{"href":"https:\/\/serverdimm.com\/pt\/wp-json\/wp\/v2\/media?parent=731"}],"wp:term":[{"taxonomy":"product_brand","embeddable":true,"href":"https:\/\/serverdimm.com\/pt\/wp-json\/wp\/v2\/product_brand?post=731"},{"taxonomy":"product_cat","embeddable":true,"href":"https:\/\/serverdimm.com\/pt\/wp-json\/wp\/v2\/product_cat?post=731"},{"taxonomy":"product_tag","embeddable":true,"href":"https:\/\/serverdimm.com\/pt\/wp-json\/wp\/v2\/product_tag?post=731"}],"curies":[{"name":"wp","href":"https:\/\/api.w.org\/{rel}","templated":true}]}}